{"id":1503,"date":"2019-02-07T13:35:14","date_gmt":"2019-02-07T13:35:14","guid":{"rendered":"https:\/\/grandpower.grandpower.eu\/?page_id=1503"},"modified":"2023-12-15T07:48:59","modified_gmt":"2023-12-15T06:48:59","slug":"privacy-policy","status":"publish","type":"page","link":"https:\/\/grandpower.eu\/sk\/privacy-policy\/","title":{"rendered":"Pravidl\u00e1ch ochrany osobn\u00fdch \u00fadajov"},"content":{"rendered":"<div class=\"wpb-content-wrapper\"><div class=\"vc_row wpb_row vc_row-fluid vc_custom_1527690588959 vc_row-has-fill\"><div class=\"wpb_column vc_column_container vc_col-sm-12 sc_layouts_column_icons_position_left\"><div class=\"vc_column-inner\"><div class=\"wpb_wrapper\"><div class=\"vc_empty_space\"   style=\"height: 4em\"><span class=\"vc_empty_space_inner\"><\/span><\/div><div id=\"sc_content_1018746717\"\n\t\tclass=\"sc_content color_style_default sc_content_default sc_float_center p70\"><div class=\"sc_content_container\">\n\t<div class=\"wpb_text_column wpb_content_element\" >\n\t\t<div class=\"wpb_wrapper\">\n\t\t\t<h5>Ak\u00e9 osobn\u00e9 \u00fadaje z\u00edskavame a pre\u010do ich zbierame<\/h5>\n<p><span style=\"font-weight: 400; color: #878786;\">V zmysle z\u00e1kona \u010d. 18\/2018 Z.z. o ochrane osobn\u00fdch \u00fadajov a o zmene a doplnen\u00ed niektor\u00fdch z\u00e1konov v znen\u00ed neskor\u0161\u00edch predpisov (\u010falej len \u201eZ\u00e1kon o ochrane osobn\u00fdch \u00fadajov\u201c) z\u00e1ujemca o rozvojov\u00e9 a marketingov\u00e9 inform\u00e1cie poskytnut\u00edm svojich kontaktn\u00fdch \u00fadajov ude\u013euje spolo\u010dnosti GRAND POWER s.r.o., so s\u00eddlom Po\u013eovn\u00edcka 29, Bansk\u00e1 Bystrica, I\u010cO: 36040151 s\u00fahlas na spracovanie a spr\u00e1vu osobn\u00fdch \u00fadajov v rozsahu:<br \/>\nmeno, priezvisko, telef\u00f3nne \u010d\u00edslo a email a to len v pr\u00edpade, ak ste k tomu dali s\u00fahlas.<br \/>\n\u00da\u010delom poskytnutia a sprac\u00favania osobn\u00fdch \u00fadajov je poskytovanie slu\u017eieb spolo\u010dnosti GRAND POWER s.r.o. vo forme reakcie na po\u017eiadavku alebo podnet zaslan\u00fd prostredn\u00edctvom formul\u00e1rov. Poskytnutie osobn\u00fdch \u00fadajov je dobrovo\u013en\u00e9, pri\u010dom nebud\u00fa zasielan\u00e9 do \u0161t\u00e1tov mimo Eur\u00f3pskeho hospod\u00e1rskeho priestoru ani medzin\u00e1rodn\u00fdm organiz\u00e1ci\u00e1m.<br \/>\nS\u00fahlas je dan\u00fd na dobu 3 rokov. V\u00e1\u0161 s\u00fahlas so sprac\u00favan\u00edm osobn\u00fdch \u00fadajov m\u00f4\u017eete tie\u017e kedyko\u013evek odvola\u0165 zaslan\u00edm p\u00edsomnej \u017eiadosti na emailov\u00fa adresu info@grandpower.eu alebo na vy\u0161\u0161ie uveden\u00fa adresu s\u00eddla spolo\u010dnosti. Neodvolan\u00edm udelen\u00e9ho s\u00fahlasu niektor\u00fdm z vy\u0161\u0161ie spomenut\u00fdch sp\u00f4sobov s\u00fahlas\u00edte so spracovan\u00edm osobn\u00fdch \u00fadajov v uvedenom rozsahu. Klient m\u00e1 pr\u00e1vo informova\u0165 sa o rozsahu spracovan\u00fdch \u00fadajov, \u00fa\u010deloch ich vyu\u017eitia a tie obmedzi\u0165. Odvolanie s\u00fahlasu nie je prek\u00e1\u017ekou pre \u010fal\u0161ie vyu\u017e\u00edvanie slu\u017eieb spolo\u010dnosti GRAND POWER s.r.o.<\/span><\/p>\n\n\t\t<\/div>\n\t<\/div>\n<\/div><\/div><!-- \/.sc_content --><div class=\"vc_empty_space\"   style=\"height: 4em\"><span class=\"vc_empty_space_inner\"><\/span><\/div><div id=\"sc_content_1904895049\"\n\t\tclass=\"sc_content color_style_default sc_content_default sc_float_center p70\"><div class=\"sc_content_container\">\n\t<div class=\"wpb_text_column wpb_content_element\" >\n\t\t<div class=\"wpb_wrapper\">\n\t\t\t<h5>Vlo\u017een\u00fd obsah z in\u00fdch webov\u00fdch str\u00e1nok<\/h5>\n<p><span style=\"font-weight: 400; color: #878786;\">\u010cl\u00e1nky na tejto webovej str\u00e1nke m\u00f4\u017eu obsahova\u0165 vlo\u017een\u00fd obsah (napr. vide\u00e1, obr\u00e1zky, \u010dl\u00e1nky a podobne). Vlo\u017een\u00fd obsah z in\u00fdch str\u00e1nok sa chov\u00e1 rovnako, akoby n\u00e1v\u0161tevn\u00edk nav\u0161t\u00edvil in\u00fa webov\u00fa str\u00e1nku. Tieto webov\u00e9 str\u00e1nky m\u00f4\u017eu o v\u00e1s zbiera\u0165 osobn\u00e9 \u00fadaje, pou\u017e\u00edva\u0165 s\u00fabory cookies, vklada\u0165 tre\u0165o-strann\u00e9 sledovanie a monitorova\u0165 va\u0161u interakciu s vlo\u017een\u00fdm obsahom, v\u010detne sledovania va\u0161ej interakcie s vlo\u017een\u00fdm obsahom, ak na danej webovej str\u00e1nke m\u00e1te \u00fa\u010det a ste prihl\u00e1sen\u00fd.<\/span><\/p>\n\n\t\t<\/div>\n\t<\/div>\n<\/div><\/div><!-- \/.sc_content --><div class=\"vc_empty_space\"   style=\"height: 4em\"><span class=\"vc_empty_space_inner\"><\/span><\/div><div id=\"sc_content_1243833921\"\n\t\tclass=\"sc_content color_style_default sc_content_default sc_float_center p70\"><div class=\"sc_content_container\">\n\t<div class=\"wpb_text_column wpb_content_element\" >\n\t\t<div class=\"wpb_wrapper\">\n\t\t\t<h5>Kam posielame va\u0161e \u00fadaje<\/h5>\n<p><span style=\"font-weight: 400; color: #878786;\">Koment\u00e1re n\u00e1v\u0161tevn\u00edkov m\u00f4\u017eu by\u0165 kontrolovan\u00e9 prostredn\u00edctvom automatizovanej slu\u017eby na detekciu spamu.<\/span><\/p>\n\n\t\t<\/div>\n\t<\/div>\n<div class=\"vc_empty_space\"   style=\"height: 4em\"><span class=\"vc_empty_space_inner\"><\/span><\/div><\/div><\/div><!-- \/.sc_content --><\/div><\/div><\/div><\/div>\n<\/div>","protected":false},"excerpt":{"rendered":"Ak\u00e9 osobn\u00e9 \u00fadaje z\u00edskavame a pre\u010do ich zbierame V zmysle z\u00e1kona \u010d. 18\/2018 Z.z. o ochrane osobn\u00fdch \u00fadajov a o zmene a doplnen\u00ed&hellip;","protected":false},"author":1,"featured_media":0,"parent":0,"menu_order":0,"comment_status":"closed","ping_status":"closed","template":"","meta":{"footnotes":""},"class_list":["post-1503","page","type-page","status-publish","hentry"],"_links":{"self":[{"href":"https:\/\/grandpower.eu\/sk\/wp-json\/wp\/v2\/pages\/1503","targetHints":{"allow":["GET"]}}],"collection":[{"href":"https:\/\/grandpower.eu\/sk\/wp-json\/wp\/v2\/pages"}],"about":[{"href":"https:\/\/grandpower.eu\/sk\/wp-json\/wp\/v2\/types\/page"}],"author":[{"embeddable":true,"href":"https:\/\/grandpower.eu\/sk\/wp-json\/wp\/v2\/users\/1"}],"replies":[{"embeddable":true,"href":"https:\/\/grandpower.eu\/sk\/wp-json\/wp\/v2\/comments?post=1503"}],"version-history":[{"count":3,"href":"https:\/\/grandpower.eu\/sk\/wp-json\/wp\/v2\/pages\/1503\/revisions"}],"predecessor-version":[{"id":3553,"href":"https:\/\/grandpower.eu\/sk\/wp-json\/wp\/v2\/pages\/1503\/revisions\/3553"}],"wp:attachment":[{"href":"https:\/\/grandpower.eu\/sk\/wp-json\/wp\/v2\/media?parent=1503"}],"curies":[{"name":"wp","href":"https:\/\/api.w.org\/{rel}","templated":true}]}}