{"id":2396,"date":"2020-08-19T09:02:20","date_gmt":"2020-08-19T07:02:20","guid":{"rendered":"https:\/\/grandpower.grandpower.eu\/?page_id=2396"},"modified":"2025-04-25T14:03:07","modified_gmt":"2025-04-25T12:03:07","slug":"company-profile","status":"publish","type":"page","link":"https:\/\/grandpower.eu\/sk\/company-profile\/","title":{"rendered":"PROFIL SPOLO\u010cNOSTI"},"content":{"rendered":"<div class=\"wpb-content-wrapper\"><div class=\"vc_row wpb_row vc_row-fluid\"><div class=\"wpb_column vc_column_container vc_col-sm-12 sc_layouts_column_icons_position_left\"><div class=\"vc_column-inner\"><div class=\"wpb_wrapper\"><div class=\"vc_empty_space  vc_custom_1520246681850 sc_height_tiny\"   style=\"height: 32px\"><span class=\"vc_empty_space_inner\"><\/span><\/div><\/div><\/div><\/div><div class=\"wpb_column vc_column_container vc_col-sm-12 vc_col-md-6 sc_layouts_column_icons_position_left\"><div class=\"vc_column-inner\"><div class=\"wpb_wrapper\"><div class=\"vc_row wpb_row vc_inner vc_row-fluid\"><div class=\"wpb_column vc_column_container vc_col-sm-12 sc_layouts_column_icons_position_left\"><div class=\"vc_column-inner\"><div class=\"wpb_wrapper\"><div id=\"sc_title_823510057\"\n\t\tclass=\"sc_title color_style_default sc_title_iconed\"><h6 class=\"sc_item_subtitle sc_title_subtitle sc_align_left sc_item_title_style_iconed\">Na\u0161ou amb\u00edciou je \u010fal\u0161\u00ed rast a expanzia do nov\u00fdch kraj\u00edn.<\/h6><h2 class=\"sc_item_title sc_title_title sc_align_left sc_item_title_style_iconed sc_item_title_tag\">GRAND POWER<\/h2><\/div><!-- \/.sc_title --><div class=\"vc_empty_space\"   style=\"height: 20px\"><span class=\"vc_empty_space_inner\"><\/span><\/div>\n\t<div class=\"wpb_text_column wpb_content_element\" >\n\t\t<div class=\"wpb_wrapper\">\n\t\t\t<p>Ak dnes nav\u0161t\u00edvite spolo\u010dnos\u0165 Grand Power v Banskej Bystrici \u2013 Slovenskej \u013dup\u010di tak zist\u00edte, \u017ee ide o \u0161pi\u010dkovo vybaven\u00fa a prosperuj\u00facu spolo\u010dnos\u0165, ktor\u00e1 zamestn\u00e1va viac ako sto zamestnancov. Ni\u010d z tohto by v\u0161ak nebola pravda, ak by jej zakladate\u013e a majite\u013e Jaroslav Kuracina, nebol zdravo drz\u00fd a tvrdohlav\u00fd.<\/p>\n<p>V\u00e1\u0161e\u0148 pre zbrane z\u00edskal v\u010faka svojmu star\u00e9mu otcovi, ktor\u00fd bol za druhej svetovej vojny partiz\u00e1nom. Dedo bol tie\u017e po\u013eovn\u00edkom, mal ve\u013ea zbran\u00ed a svojho vnuka \u010dasto br\u00e1val na strelnicu.<\/p>\n<p>A tak sa zbrane stali Jarov\u00fdm kon\u00ed\u010dkom. Svoju prv\u00fa zbra\u0148 si nakreslil v puberte. A kreslenie ho neprestalo bavi\u0165 ani po\u010das \u0161t\u00fadia na vojenskej \u0161kole. Od svojich kolegov z\u00edskal prez\u00fdvku Piccaso. Jedn\u00e9ho d\u0148a povedal svojmu nadriaden\u00e9mu, \u017ee raz sa z jeho pi\u0161tole bude strie\u013ea\u0165. Namiesto povzbudenia si vypo\u010dul sarkastick\u00fa pozn\u00e1mku \"to bude sk\u00f4r v pekle mrzn\u00fa\u0165.\" Vtedy mlad\u00e9ho vojaka to v\u0161ak neodradilo. Prv\u00e9 v\u00e1\u017ene n\u00e1\u010drty za\u010dali vznika\u0165 v roku 1994. O tri roky nesk\u00f4r vyrobili v Pova\u017esk\u00fdch stroj\u00e1r\u0148ach prv\u00fd funk\u010dn\u00fd vzor pi\u0161tole s ozna\u010den\u00edm Q2000 a v\u00fdrobn\u00fdm \u010d\u00edslom E001. O p\u00e1r mesiacov prich\u00e1dzaj\u00fa prv\u00e9 prototypy K1 vyroben\u00e9 v Kinex Grand \u2013 dc\u00e9rskej spolo\u010dnosti Kinex Byt\u010da.<\/p>\n<p>Pova\u017esk\u00e9 stroj\u00e1rne v\u0161ak skrachovali a nevy\u0161lo to ani v spolo\u010dnosti Kinex Grand. Za\u0161iel preto s n\u00e1padmi k z\u00e1padn\u00fdm susedom. Tamoj\u0161ia zbrojovka prejavila tradi\u010dn\u00fd postoj \u2013 \u010do nie je ich, to nie je dobr\u00e9. Mal s\u00edce v ruk\u00e1ch d\u00f4le\u017eit\u00fd patent, ale ch\u00fdbali peniaze.<\/p>\n<p>Oslovil preto banky. Chcel si po\u017ei\u010da\u0165 10 mili\u00f3nov kor\u00fan a za\u010da\u0165 v\u00fdrobu. Nepochodil. V\u00e4\u010d\u0161inou ho vysmiali, alebo odbili slovami \"ak m\u00e1te patent a ideu, to je m\u00e1lo, ste pre n\u00e1s nezauj\u00edmav\u00fd.\" Nakoniec pomohli s\u00fakromn\u00ed investori \u2013 priatelia a firma sa za\u010dala rozbieha\u0165. P\u00edsal sa rok 2002. K1 sa zmenila na K100 \u2013 pod\u013ea jej vyn\u00e1lezcu a kon\u0161trukt\u00e9ra. K ako prv\u00e9 p\u00edsmeno priezviska a 100 ako aktu\u00e1lna v\u00e1ha Jaroslava Kuracinu. Vlastn\u00e9 v\u00fdrobn\u00e9 kapacity v\u0161ak nesta\u010dili a tak zbrane pod\u013ea v\u00fdkresov Jaroslava Kuracinu vyr\u00e1bala spolo\u010dnos\u0165 Kops Detva.<\/p>\n\n\t\t<\/div>\n\t<\/div>\n<\/div><\/div><\/div><\/div><\/div><\/div><\/div><div class=\"wpb_column vc_column_container vc_col-sm-12 vc_col-md-6 sc_layouts_column_icons_position_left\"><div class=\"vc_column-inner vc_custom_1598602999740\"><div class=\"wpb_wrapper\"><div id=\"widget_video_1102973707\" class=\"widget_area sc_widget_video vc_widget_video wpb_content_element\"><aside id=\"widget_video_1102973707_widget\" class=\"widget widget_video\"><div id=\"sc_video_827186825\" class=\"trx_addons_video_player with_cover hover_play\"><img loading=\"lazy\" decoding=\"async\" src=\"https:\/\/grandpower.eu\/wp-content\/uploads\/2020\/08\/grand_power_company_video.png\" alt=\"\" width=\"570\" height=\"390\"><div class=\"video_mask\"><\/div><div class=\"video_hover\" data-video=\"&lt;iframe title=&quot;This is who we are&quot; width=&quot;1170&quot; height=&quot;658&quot; src=&quot;https:\/\/www.youtube.com\/embed\/n6_TkTdCiBY?feature=oembed&amp;autoplay=1&quot; frameborder=&quot;0&quot; allow=&quot;accelerometer; autoplay; clipboard-write; encrypted-media; gyroscope; picture-in-picture; web-share&quot; allowfullscreen&gt;&lt;\/iframe&gt;\"><\/div><div class=\"video_embed video_frame\"><\/div><\/div><\/aside><\/div><div class=\"vc_row wpb_row vc_inner vc_row-fluid vc_custom_1597844944521\"><div class=\"wpb_column vc_column_container vc_col-sm-12 vc_hidden-xs sc_layouts_column_icons_position_left\"><div class=\"vc_column-inner\"><div class=\"wpb_wrapper\"><div id=\"sc_content_246344472\"\n\t\tclass=\"sc_content color_style_default sc_content_default sc_float_center sc_padding_small  vc_custom_1597845292097\"><div class=\"sc_content_container\"><div id=\"milestones-history\"\n\t\tclass=\"sc_title color_style_default sc_title_default\"><h3 class=\"sc_item_title sc_title_title sc_align_left sc_item_title_style_default sc_item_title_tag\">HIST\u00d3RIA A M\u00cd\u013dNIKY GRAND POWER<\/h3><\/div><!-- \/.sc_title --><div class=\"vc_empty_space  vc_custom_1520258253034 sc_height_small\"   style=\"height: 32px\"><span class=\"vc_empty_space_inner\"><\/span><\/div><div id=\"widget_slider_79815634\" class=\"widget_area sc_widget_slider vc_widget_slider wpb_content_element  vc_custom_1597844278572\"><aside id=\"widget_slider_79815634_widget\" class=\"widget widget_slider\">\t\t\t<div class=\"slider_wrap slider_engine_swiper\">\n\t\t\t\t<div id=\"widget_slider_79815634_outer\" class=\"slider_outer slider_swiper_outer slider_style_default slider_outer_direction_horizontal slider_outer_one slider_outer_pagination slider_outer_pagination_bullets slider_outer_pagination_pos_bottom slider_outer_nocontrols slider_outer_titles_center\"><div id=\"widget_slider_79815634_swiper\" class=\"slider_container slider_swiper swiper-slider-container slider_nocontrols slider_titles_center slider_resize slider_height_auto slider_direction_horizontal slider_pagination slider_pagination_bullets slider_pagination_pos_bottom slider_one slider_type_images\" data-ratio=\"16:9\" data-interval=\"7000\" data-effect=\"slide\" data-pagination=\"bullets\" data-direction=\"horizontal\" data-slides-per-view=\"1\" data-slides-space=\"0\" data-slides-min-width=\"150\"><div class=\"slider-wrapper swiper-wrapper\"><div  id=\"slide_1882466246\" class=\"slider-slide swiper-slide  vc_custom_1597846157148\" data-cats=\"First K1 Prototypes made in Kinex Grand \u2013 a subsidiary of Kinex Byt\u010da.\" data-title=\"YEAR 1998\" style=\"\"><div class=\"slide_overlay slide_overlay_small\"><\/div><div class=\"slide_info slide_info_small\"><h3 class=\"slide_title\">ROK 1998<\/h3><div class=\"slide_cats\">Prv\u00e9 prototypy K1 vyroben\u00e9 v Kinex Grand - dc\u00e9rskej spolo\u010dnosti Kinex Byt\u010da.<\/div><\/div><\/div><div  id=\"slide_768903798\" class=\"slider-slide swiper-slide  vc_custom_1597846148861\" data-cats=\"K1 introduced at the IWA Norimberg Exhibition for the first time.\" data-title=\"YEAR 2000\" style=\"\"><div class=\"slide_overlay slide_overlay_small\"><\/div><div class=\"slide_info slide_info_small\"><h3 class=\"slide_title\">ROK 2000<\/h3><div class=\"slide_cats\">Po prv\u00fdkr\u00e1t bola K1 predstaven\u00e1 na v\u00fdstave IWA Norimberg.<\/div><\/div><\/div><div  id=\"slide_2051215591\" class=\"slider-slide swiper-slide  vc_custom_1597846139594\" data-cats=\"Modification of K1 and change in the name to K100; due to lack of production capacities, the production is taken over by the company Kops s.r.o in Detva for GRAND POWER.\" data-title=\"YEAR 2002\" style=\"\"><div class=\"slide_overlay slide_overlay_small\"><\/div><div class=\"slide_info slide_info_small\"><h3 class=\"slide_title\">ROK 2002<\/h3><div class=\"slide_cats\">Modifik\u00e1cia K1 a zmena n\u00e1zvu na K100, pre nedostatok v\u00fdrobn\u00fdch kapac\u00edt preber\u00e1 v\u00fdrobu\u00a0pre Grand Power firma Kops s.r.o v Detve.<\/div><\/div><\/div><div  id=\"slide_1596088074\" class=\"slider-slide swiper-slide  vc_custom_1597846126893\" data-cats=\"A test series of 370 pcs produced by the company GRAND POWER. Second series modified based on testing the test series.\" data-title=\"YEAR 2003\" style=\"\"><div class=\"slide_overlay slide_overlay_small\"><\/div><div class=\"slide_info slide_info_small\"><h3 class=\"slide_title\">ROK 2003<\/h3><div class=\"slide_cats\">Overovacia s\u00e9ria 370 ks vyroben\u00fdch firmou Grand Power II. s\u00e9ria modifikovan\u00e1 na z\u00e1klade testovania overovacej s\u00e9rie.<\/div><\/div><\/div><div  id=\"slide_416608010\" class=\"slider-slide swiper-slide  vc_custom_1597846115213\" data-cats=\"The portfolio of the company Grand Power is extended to new starting systems in DAO and QA models. The K100 Economy model, labelled GPC9 and 102R and 105R special automatic models for power compounds.\" data-title=\"YEAR 2004\" style=\"\"><div class=\"slide_overlay slide_overlay_small\"><\/div><div class=\"slide_info slide_info_small\"><h3 class=\"slide_title\">ROK 2004<\/h3><div class=\"slide_cats\">Portf\u00f3lio firmy GP roz\u0161\u00edren\u00e9 o nov\u00e9 sp\u00fa\u0161\u0165acie syst\u00e9my v modeloch DAO a QA. Ekonomick\u00fd model K100 s ozna\u010den\u00edm GPC9 a \u0161peci\u00e1lne automatick\u00e9 modely 102R a 105R pre silov\u00e9 zlo\u017eky.<\/div><\/div><\/div><div  id=\"slide_1985340524\" class=\"slider-slide swiper-slide  vc_custom_1597846100519\" data-cats=\"Series 3, the assortment of the new K100 Whisper model and announced advanced study of K100 model Compact based on the new finish with plastic handles with emphasis on efficiency.\" data-title=\"YEAR 2005\" style=\"\"><div class=\"slide_overlay slide_overlay_small\"><\/div><div class=\"slide_info slide_info_small\"><h3 class=\"slide_title\">ROK 2005<\/h3><div class=\"slide_cats\">III. s\u00e9ria, roz\u0161\u00edrenie ponukov\u00e9ho listu o nov\u00fd model K100 Whisper a ohl\u00e1sen\u00e9\u00a0pokro\u010dil\u00e9 \u0161t\u00e1dium spracovania modelu K100 Compact postavenom u\u017e na novom preveden\u00ed plastovej rukov\u00e4te zbrane.<\/div><\/div><\/div><div  id=\"slide_525790007\" class=\"slider-slide swiper-slide  vc_custom_1597846086399\" data-cats=\"Introduction of the first K100 Mk6 models intended for certification in the U.S.A. followed by completing the certificationIntroduction of P1 semi compact model.\" data-title=\"YEAR 2006\" style=\"\"><div class=\"slide_overlay slide_overlay_small\"><\/div><div class=\"slide_info slide_info_small\"><h3 class=\"slide_title\">ROK 2006<\/h3><div class=\"slide_cats\">Predstavenie prv\u00fdch modelov K100 Mk6 ur\u010den\u00fdch na certifik\u00e1ciu do USA a n\u00e1sledn\u00e9 dokon\u010denie certifik\u00e1cie, predstavenie semikompaktn\u00e9ho modelu P1.<\/div><\/div><\/div><div  id=\"slide_1968025735\" class=\"slider-slide swiper-slide  vc_custom_1597845935707\" data-cats=\"Production of the models given planned also in 40S&amp;W and 45ACP.\" data-title=\"YEAR 2010\" style=\"\"><div class=\"slide_overlay slide_overlay_small\"><\/div><div class=\"slide_info slide_info_small\"><h3 class=\"slide_title\">ROK 2010<\/h3><div class=\"slide_cats\">Pl\u00e1nuje sa v\u00fdroba dan\u00fdch modelov u\u017e i v kalibri .40S&amp;W a .45ACP.<\/div><\/div><\/div><div  id=\"slide_411399169\" class=\"slider-slide swiper-slide  vc_custom_1597846063381\" data-cats=\"Introduction of Mk7 handle with interchangeable beck straps.\" data-title=\"YEAR 2011\" style=\"\"><div class=\"slide_overlay slide_overlay_small\"><\/div><div class=\"slide_info slide_info_small\"><h3 class=\"slide_title\">ROK 2011<\/h3><div class=\"slide_cats\">Zavedenie r\u00e1mu Mk7 pre v\u0161etky modely pi\u0161tol\u00ed.<\/div><\/div><\/div><div  id=\"slide_2114202453\" class=\"slider-slide swiper-slide  vc_custom_1597846054272\" data-cats=\"Moving to new premises, factory expands. Launching of new models in calibre .45ACP and 40S&amp;W.\" data-title=\"YEAR 2012\" style=\"\"><div class=\"slide_overlay slide_overlay_small\"><\/div><div class=\"slide_info slide_info_small\"><h3 class=\"slide_title\">ROK 2012<\/h3><div class=\"slide_cats\">Pres\u0165ahovanie sa do nov\u00fdch priestorov v ktor\u00fdch je pod jednou strechou v\u00fdrova, administrat\u00edva a podnikov\u00e1 predaj\u0148a za\u010diatok v\u00fdroby modelov P45 v kalibri .45ACP a P40 v kalibri 40S&amp;W.<\/div><\/div><\/div><div  id=\"slide_33088263\" class=\"slider-slide swiper-slide  vc_custom_1597846044788\" data-cats=\"Introduction of Mk12 handle wit inovation disassemby system.\" data-title=\"YEAR 2013\" style=\"\"><div class=\"slide_overlay slide_overlay_small\"><\/div><div class=\"slide_info slide_info_small\"><h3 class=\"slide_title\">ROK 2013<\/h3><div class=\"slide_cats\">Zavedenie modelu r\u00e1mu Mk12 do v\u00fdroby.<\/div><\/div><\/div><div  id=\"slide_672056099\" class=\"slider-slide swiper-slide  vc_custom_1597846035870\" data-cats=\"Introduction of the new STRIBOG product at the IWA 2015 exhibition and the start of its production.\" data-title=\"YEAR 2015\" style=\"\"><div class=\"slide_overlay slide_overlay_small\"><\/div><div class=\"slide_info slide_info_small\"><h3 class=\"slide_title\">ROK 2015<\/h3><div class=\"slide_cats\">Predstavenie nov\u00e9ho produktu STRIBOG na v\u00fdstave IWA 2015 a za\u010diatok jeho v\u00fdroby.<\/div><\/div><\/div><\/div><!-- \/.slider-wrapper --><div class=\"slider_pagination_wrap swiper-pagination\"><\/div><\/div><!-- \/.slider_container --><\/div><!-- \/.slider_outer -->\t\t\t<\/div>\n\t\t\t<\/aside><\/div><\/div><\/div><!-- \/.sc_content --><\/div><\/div><\/div><\/div><\/div><\/div><\/div><\/div><div class=\"vc_row wpb_row vc_row-fluid vc_custom_1597828508600\"><div class=\"wpb_column vc_column_container vc_col-sm-6 sc_layouts_column_icons_position_left\"><div class=\"vc_column-inner\"><div class=\"wpb_wrapper\">\n\t<div class=\"wpb_text_column wpb_content_element\" >\n\t\t<div class=\"wpb_wrapper\">\n\t\t\t<p>Na za\u010diatku bol vo firme s\u00e1m. Spolo\u010dnos\u0165 postupne napredovala, prich\u00e1dzali nov\u00ed \u013eudia aj nov\u00e9 stroje. Pribudla v\u00fdrobn\u00e1 hala v Slovenskej \u013dup\u010di. Pi\u0161to\u013e K100 si dobr\u00e9 meno za\u010dala z\u00edskava\u0165 aj v streleckej komunite. Pozit\u00edvnu reklamu jej robili aj recenzie v odborn\u00fdch \u010dasopisoch. Spolo\u010dnos\u0165 za\u010dala oslovova\u0165 zahrani\u010dn\u00fdch distrib\u00fatorov. Zo za\u010diatku boli opatrn\u00ed, ale ke\u010f vysk\u00fa\u0161ali kvalitu K100 spolupr\u00e1ca sa rozbehla. Rokovania s firmou STI International za\u010dali v roku 2007. Po n\u00e1v\u0161teve majite\u013ea firmy a audite na\u0161ich v\u00fdrobkov sa zrealizovalo schv\u00e1lenie BATF na trh USA a v roku 2008 sa vyviezli prv\u00e9 zbrane do USA. I\u0161lo o typ K 100 Mk6 pod obchodn\u00fdm n\u00e1zvom GP 6. Ponuka sa nesk\u00f4r roz\u0161\u00edrila o \u010fal\u0161ie modely STI GP 6C, GP 5 a kaliber .22 LR pod n\u00e1zvom STI GP 2.<\/p>\n<p>Ke\u010f Jaroslav Kuracina pod\u00e1val svoj prv\u00fd patent, pova\u017eovali ho za bl\u00e1zna. Po 12 rokoch m\u00e1 v\u0161ak pr\u00e1ve Jaroslav Kuracina d\u00f4vod na smiech.<\/p>\n<p>Spolo\u010dnos\u0165 Grand Power je dnes pri v\u00fdrobe zbran\u00ed, v\u010faka vlastn\u00e9mu v\u00fdrobn\u00e9mu z\u00e1vodu, na 100 % sebesta\u010dn\u00e1, \u010do sa t\u00fdka mechanick\u00e9ho opracovania. Pou\u017e\u00edvame najmodernej\u0161ie 4 a 5-os\u00e9 obr\u00e1bacie centr\u00e1 s presnos\u0165ou +\/-0.005mm a vysokou produktivitou. Tepeln\u00e9 spracovanie a povrchov\u00e9 \u00fapravy zabezpe\u010duj\u00fa na\u0161i subdod\u00e1vatelia, rovnako ako plastov\u00e9 a plechov\u00e9 v\u00fdlisky, pru\u017einy a kol\u00edky.<\/p>\n\n\t\t<\/div>\n\t<\/div>\n<div class=\"vc_empty_space  vc_custom_1519028443117 sc_height_small\"   style=\"height: 32px\"><span class=\"vc_empty_space_inner\"><\/span><\/div><\/div><\/div><\/div><div class=\"wpb_column vc_column_container vc_col-sm-6 sc_layouts_column_icons_position_left\"><div class=\"vc_column-inner\"><div class=\"wpb_wrapper\">\n\t<div class=\"wpb_text_column wpb_content_element\" >\n\t\t<div class=\"wpb_wrapper\">\n\t\t\t<p>V s\u00fa\u010dasnosti m\u00e1 spolo\u010dnos\u0165 viac ako osem desiatok vlastn\u00fdch zamestnancov, \u010fal\u0161ie desiatky \u013eud\u00ed pracuj\u00fa u na\u0161ich subdod\u00e1vate\u013eov. Mesa\u010dne opust\u00ed v\u00fdrobu viac ako dva a pol tis\u00edc kusov zbran\u00ed. Najv\u00e4\u010d\u0161\u00ed z\u00e1ujem je o model T12 \/Rusko\/, K100,P1, P45 \/USA\/ a \u0161portov\u00fd model X-Calibur s ktor\u00fdm strielaj\u00fa \u0161portov\u00ed strelci u\u017e vo viac ako 20 krajin\u00e1ch.<\/p>\n<p>Spolo\u010dnos\u0165 GRAND POWER dnes vyr\u00e1ba ve\u013e\u00fa \u0161k\u00e1lu modelov pi\u0161tol\u00ed \u2013 X-Calibur, K100, K100 Target, K100 X-Trim, K100 Dynamic, P1, P1 Ultra,P1 DAO, P11, P380, CP380, LP380, P40, P45, P40L, P1S, K22, K22 X-Trim, P9M, T910, T10. T12, T11, G9, K105, K102, K100 Whisper a P380 Whisper<\/p>\n<p>V\u00fdnimo\u010dnos\u0165 na\u0161ich zbran\u00ed je hlavne v unik\u00e1tnej patentovo chr\u00e1nenej kon\u0161trukcii syst\u00e9mu uzamykania z\u00e1veru rot\u00e1ciou hlavne. Tento sp\u00f4sob uzamykania zvy\u0161uje komfort stre\u013eby najm\u00e4 dvoma sp\u00f4sobmi \u2013 v\u00fdrazne eliminuje zdvih zbrane po v\u00fdstrele a zbra\u0148 \"nekope\". Sila p\u00f4sobiaca do ruky strelca po v\u00fdstrele je v\u00fdrazne ni\u017e\u0161ia oproti zbraniam porovnate\u013en\u00e9ho kalibru. Samozrejme k tomu patr\u00ed v\u00fdhodn\u00e1 cena a expresne r\u00fdchly servis v\u0161etk\u00fdch modelov.\nFirma v s\u00fa\u010dasnosti takmer 98 % svojej produkcie umiest\u0148uje na zahrani\u010dn\u00e9 trhy. Zvy\u0161n\u00e9 2 % sa predaj\u00fa na Slovensku.<\/p>\n<p>V poslednom \u010dase spolo\u010dnos\u0165 vyv\u00e1\u017ea takmer 95 % svojej produkcie.  Zvy\u0161n\u00fdch 5 % sa pred\u00e1va na Slovensku.<\/p>\n\n\t\t<\/div>\n\t<\/div>\n<div class=\"vc_empty_space  vc_custom_1519028443117 sc_height_small\"   style=\"height: 32px\"><span class=\"vc_empty_space_inner\"><\/span><\/div><\/div><\/div><\/div><\/div><div data-vc-full-width=\"true\" data-vc-full-width-temp=\"true\" data-vc-full-width-init=\"false\" class=\"vc_row wpb_row vc_row-fluid vc_custom_1597829419811 vc_row-has-fill scheme_dark\"><div class=\"wpb_column vc_column_container vc_col-sm-12 sc_layouts_column_icons_position_left\"><div class=\"vc_column-inner\"><div class=\"wpb_wrapper\"><div class=\"vc_empty_space  hide_on_mobile sc_height_large\"   style=\"height: 32px\"><span class=\"vc_empty_space_inner\"><\/span><\/div><div class=\"vc_empty_space  vc_custom_1519028859598 sc_height_medium\"   style=\"height: 32px\"><span class=\"vc_empty_space_inner\"><\/span><\/div><div id=\"sc_skills_593320132\"\n\t\tclass=\"sc_skills sc_skills_counter\"\n\t\t\t\tdata-type=\"counter\"\n\t\t><div class=\"sc_skills_columns sc_item_columns trx_addons_columns_wrap columns_padding_bottom\"><div class=\"sc_skills_column trx_addons_column-1_4\"><div class=\"sc_skills_item_wrap\"><div class=\"sc_skills_item\"><div class=\"sc_skills_total\" data-start=\"0\" data-stop=\"30\" data-step=\"53.89\" data-max=\"5389\" data-speed=\"24\" data-duration=\"13\" data-ed=\"\">0<\/div><\/div><div class=\"sc_skills_item_title\">ZAST\u00daPENIE VO SVETE<\/div><\/div><\/div><div class=\"sc_skills_column trx_addons_column-1_4\"><div class=\"sc_skills_item_wrap\"><div class=\"sc_skills_item\"><div class=\"sc_skills_total\" data-start=\"0\" data-stop=\"110\" data-step=\"53.89\" data-max=\"5389\" data-speed=\"26\" data-duration=\"53\" data-ed=\"\">0<\/div><\/div><div class=\"sc_skills_item_title\">ZAMESTNANCOV<\/div><\/div><\/div><div class=\"sc_skills_column trx_addons_column-1_4\"><div class=\"sc_skills_item_wrap\"><div class=\"sc_skills_item\"><div class=\"sc_skills_total\" data-start=\"0\" data-stop=\"32\" data-step=\"53.89\" data-max=\"5389\" data-speed=\"26\" data-duration=\"15\" data-ed=\"\">0<\/div><\/div><div class=\"sc_skills_item_title\">PRODUKTY<\/div><\/div><\/div><div class=\"sc_skills_column trx_addons_column-1_4\"><div class=\"sc_skills_item_wrap\"><div class=\"sc_skills_item\"><div class=\"sc_skills_total\" data-start=\"0\" data-stop=\"2000\" data-step=\"53.89\" data-max=\"5389\" data-speed=\"34\" data-duration=\"1262\" data-ed=\"\">0<\/div><\/div><div class=\"sc_skills_item_title\">Mesa\u010dn\u00e1 produkcia<\/div><\/div><\/div><\/div><\/div><div class=\"vc_empty_space  vc_custom_1519028927720 sc_height_medium\"   style=\"height: 32px\"><span class=\"vc_empty_space_inner\"><\/span><\/div><div class=\"vc_empty_space  hide_on_mobile sc_height_large\"   style=\"height: 32px\"><span class=\"vc_empty_space_inner\"><\/span><\/div><\/div><\/div><\/div><\/div><div class=\"vc_row-full-width vc_clearfix\"><\/div>\n<\/div>","protected":false},"excerpt":{"rendered":"Our ambition is further growth and expansion into new countries.WELCOME TO GRAND POWER If you visit GRAND POWER in Bansk\u00e1 Bystrica \u2013 Slovensk\u00e1&hellip;","protected":false},"author":990002,"featured_media":0,"parent":0,"menu_order":0,"comment_status":"closed","ping_status":"closed","template":"","meta":{"footnotes":""},"class_list":["post-2396","page","type-page","status-publish","hentry"],"_links":{"self":[{"href":"https:\/\/grandpower.eu\/sk\/wp-json\/wp\/v2\/pages\/2396","targetHints":{"allow":["GET"]}}],"collection":[{"href":"https:\/\/grandpower.eu\/sk\/wp-json\/wp\/v2\/pages"}],"about":[{"href":"https:\/\/grandpower.eu\/sk\/wp-json\/wp\/v2\/types\/page"}],"author":[{"embeddable":true,"href":"https:\/\/grandpower.eu\/sk\/wp-json\/wp\/v2\/users\/990002"}],"replies":[{"embeddable":true,"href":"https:\/\/grandpower.eu\/sk\/wp-json\/wp\/v2\/comments?post=2396"}],"version-history":[{"count":6,"href":"https:\/\/grandpower.eu\/sk\/wp-json\/wp\/v2\/pages\/2396\/revisions"}],"predecessor-version":[{"id":4340,"href":"https:\/\/grandpower.eu\/sk\/wp-json\/wp\/v2\/pages\/2396\/revisions\/4340"}],"wp:attachment":[{"href":"https:\/\/grandpower.eu\/sk\/wp-json\/wp\/v2\/media?parent=2396"}],"curies":[{"name":"wp","href":"https:\/\/api.w.org\/{rel}","templated":true}]}}