{"id":2769,"date":"2020-08-20T16:40:03","date_gmt":"2020-08-20T14:40:03","guid":{"rendered":"https:\/\/grandpower.grandpower.eu\/?page_id=2769"},"modified":"2025-04-15T17:39:44","modified_gmt":"2025-04-15T15:39:44","slug":"company-information","status":"publish","type":"page","link":"https:\/\/grandpower.eu\/sk\/company-information\/","title":{"rendered":"INFORM\u00c1CIE O SPOLO\u010cNOSTI"},"content":{"rendered":"<div class=\"wpb-content-wrapper\"><div data-vc-full-width=\"true\" data-vc-full-width-temp=\"true\" data-vc-full-width-init=\"false\" class=\"vc_row wpb_row vc_row-fluid wpb_animate_when_almost_visible wpb_fadeInUp fadeInUp vc_custom_1574266865865 vc_row-has-fill vc_row-o-content-middle vc_row-flex\"><div class=\"wpb_column vc_column_container vc_col-sm-12 sc_layouts_column_icons_position_left\"><div class=\"vc_column-inner\"><div class=\"wpb_wrapper\"><div id=\"sc_title_582936299\"\n\t\tclass=\"sc_title color_style_default sc_title_iconed\"><h6 class=\"sc_item_subtitle sc_title_subtitle sc_align_center sc_item_title_style_iconed\">GRAND POWER<\/h6><h2 class=\"sc_item_title sc_title_title sc_align_center sc_item_title_style_iconed sc_item_title_tag\">CONNECT WITH OUR MANAGEMENT<\/h2><\/div><!-- \/.sc_title --><div class=\"vc_empty_space  vc_custom_1574266541662 sc_height_tiny\"   style=\"height: 32px\"><span class=\"vc_empty_space_inner\"><\/span><\/div><\/div><\/div><\/div><\/div><div class=\"vc_row-full-width vc_clearfix\"><\/div><div class=\"vc_row wpb_row vc_row-fluid\"><div class=\"wpb_column vc_column_container vc_col-sm-12 sc_layouts_column_icons_position_left\"><div class=\"vc_column-inner\"><div class=\"wpb_wrapper\"><div class=\"vc_empty_space  vc_custom_1520246681850 sc_height_tiny\"   style=\"height: 32px\"><span class=\"vc_empty_space_inner\"><\/span><\/div><\/div><\/div><\/div><\/div><div class=\"vc_row wpb_row vc_row-fluid\"><div class=\"wpb_column vc_column_container vc_col-sm-3 sc_layouts_column_icons_position_left\"><div class=\"vc_column-inner vc_custom_1598019113731\"><div class=\"wpb_wrapper\"><div id=\"sc_title_796441932\"\n\t\tclass=\"sc_title color_style_default sc_title_iconed management\"><h4 class=\"sc_item_title sc_title_title sc_align_left sc_item_title_style_iconed sc_item_title_tag\">Jaroslav Kuracina<\/h4><div class=\"sc_item_descr sc_title_descr sc_align_left\"><p>CEO<\/p>\n<\/div><\/div><!-- \/.sc_title --><div id=\"sc_content_1917208169\"\n\t\tclass=\"sc_content color_style_default sc_content_default sc_float_center sc_padding_medium contact-our-management  vc_custom_1598019795758\"><div class=\"sc_content_container\">\n\t<div class=\"wpb_text_column wpb_content_element trx_addons_range_fees_container\" >\n\t\t<div class=\"wpb_wrapper\">\n\t\t\t<p><span class=\"trx_addons_range_fees\"><strong>Phone:<\/strong><br \/>\n+421 48 472 85 10<\/span><br \/>\n<span class=\"trx_addons_range_fees\"><strong>E-mail:<\/strong><br \/>\n<a href=\"mailto:info@grandpower.eu\">info@grandpower.eu<\/a><\/span><br \/>\n<span class=\"trx_addons_range_fees\"><strong>Follow Me:<\/strong><\/span><\/p>\n\n\t\t<\/div>\n\t<\/div>\n<div id=\"sc_icons_150820672\" \n\tclass=\"sc_icons sc_icons_default sc_icons_size_small sc_align_left\"><div class=\"sc_icons_item sc_icons_item_linked\"><div id=\"sc_icons_150820672_icon-facebook\" class=\"sc_icons_icon sc_icon_type_ icon-facebook\"\n\t\t\t\t\t\t\t\t\t\t\t\t><span class=\"sc_icon_type_ icon-facebook\"><\/span><\/div><a href=\"http:\/\/www.facebook.com\/jaroslav.kuracina?v=wall\" class=\"sc_icons_item_link\"><\/a><\/div><\/div><!-- \/.sc_icons --><\/div><\/div><!-- \/.sc_content --><\/div><\/div><\/div><div class=\"wpb_column vc_column_container vc_col-sm-3 sc_layouts_column_icons_position_left\"><div class=\"vc_column-inner vc_custom_1598019124627\"><div class=\"wpb_wrapper\"><div id=\"sc_title_138256696\"\n\t\tclass=\"sc_title color_style_default sc_title_iconed management\"><h4 class=\"sc_item_title sc_title_title sc_align_left sc_item_title_style_iconed sc_item_title_tag\">Mgr. Jakub Kuna<\/h4><div class=\"sc_item_descr sc_title_descr sc_align_left\"><p>Sales Manager Slovak Republic Company store<\/p>\n<\/div><\/div><!-- \/.sc_title --><div id=\"sc_content_1886471841\"\n\t\tclass=\"sc_content color_style_default sc_content_default sc_float_center sc_padding_medium contact-our-management  vc_custom_1598019801060\"><div class=\"sc_content_container\">\n\t<div class=\"wpb_text_column wpb_content_element trx_addons_range_fees_container\" >\n\t\t<div class=\"wpb_wrapper\">\n\t\t\t<p><span class=\"trx_addons_range_fees\"><strong>Phone:<\/strong><br \/>\n+421 48 472 85 00<\/span><br \/>\n<span class=\"trx_addons_range_fees\"><strong>Cellular phone:<\/strong><br \/>\n+421 911 304 828<\/span><\/p>\n\n\t\t<\/div>\n\t<\/div>\n<\/div><\/div><!-- \/.sc_content --><\/div><\/div><\/div><div class=\"wpb_column vc_column_container vc_col-sm-3 sc_layouts_column_icons_position_left\"><div class=\"vc_column-inner vc_custom_1598019130426\"><div class=\"wpb_wrapper\"><div id=\"sc_title_117953381\"\n\t\tclass=\"sc_title color_style_default sc_title_iconed management\"><h4 class=\"sc_item_title sc_title_title sc_align_left sc_item_title_style_iconed sc_item_title_tag\">Vratko Mikul\u00e1\u0161<\/h4><div class=\"sc_item_descr sc_title_descr sc_align_left\"><p>International Sales Representative<\/p>\n<\/div><\/div><!-- \/.sc_title --><div id=\"sc_content_1564216562\"\n\t\tclass=\"sc_content color_style_default sc_content_default sc_float_center sc_padding_medium contact-our-management  vc_custom_1598019806046\"><div class=\"sc_content_container\">\n\t<div class=\"wpb_text_column wpb_content_element trx_addons_range_fees_container\" >\n\t\t<div class=\"wpb_wrapper\">\n\t\t\t<p><span class=\"trx_addons_range_fees\"><strong>Phone:<\/strong><br \/>\n+421 48 472 85 10<\/span><br \/>\n<span class=\"trx_addons_range_fees\"><strong>Cellular phone:<\/strong><br \/>\n+421 911 304 829<\/span><\/p>\n\n\t\t<\/div>\n\t<\/div>\n<\/div><\/div><!-- \/.sc_content --><\/div><\/div><\/div><div class=\"wpb_column vc_column_container vc_col-sm-3 sc_layouts_column_icons_position_left\"><div class=\"vc_column-inner vc_custom_1598019136168\"><div class=\"wpb_wrapper\"><div id=\"sc_title_2089245935\"\n\t\tclass=\"sc_title color_style_default sc_title_iconed management\"><h4 class=\"sc_item_title sc_title_title sc_align_left sc_item_title_style_iconed sc_item_title_tag\">Roman Bily<\/h4><div class=\"sc_item_descr sc_title_descr sc_align_left\"><p>Production manager<\/p>\n<\/div><\/div><!-- \/.sc_title --><div id=\"sc_content_856263322\"\n\t\tclass=\"sc_content color_style_default sc_content_default sc_float_center sc_padding_medium contact-our-management  vc_custom_1598019810690\"><div class=\"sc_content_container\">\n\t<div class=\"wpb_text_column wpb_content_element trx_addons_range_fees_container\" >\n\t\t<div class=\"wpb_wrapper\">\n\t\t\t<p><span class=\"trx_addons_range_fees\"><strong>Phone:<\/strong><br \/>\n+421 48 472 85 30<\/span><br \/>\n<span class=\"trx_addons_range_fees\"><strong>Cellular phone:<\/strong><br \/>\n+421 910 863 864<\/span><\/p>\n\n\t\t<\/div>\n\t<\/div>\n<\/div><\/div><!-- \/.sc_content --><\/div><\/div><\/div><\/div><div class=\"vc_row wpb_row vc_row-fluid\"><div class=\"wpb_column vc_column_container vc_col-sm-8 vc_col-sm-offset-2 sc_layouts_column_icons_position_left\"><div class=\"vc_column-inner\"><div class=\"wpb_wrapper\"><div class=\"vc_empty_space  sc_height_large\"   style=\"height: 32px\"><span class=\"vc_empty_space_inner\"><\/span><\/div><div id=\"sc_title_1706181290\"\n\t\tclass=\"sc_title color_style_default sc_title_iconed\"><h6 class=\"sc_item_subtitle sc_title_subtitle sc_align_center sc_item_title_style_iconed\">If you have any questions about our products, do not hesitate and send us a message.<\/h6><h2 class=\"sc_item_title sc_title_title sc_align_center sc_item_title_style_iconed sc_item_title_tag\">CONTACT US<\/h2><\/div><!-- \/.sc_title -->\n<div class=\"wpcf7 no-js\" id=\"wpcf7-f2157-o1\" lang=\"en-US\" dir=\"ltr\" data-wpcf7-id=\"2157\">\n<div class=\"screen-reader-response\"><p role=\"status\" aria-live=\"polite\" aria-atomic=\"true\"><\/p> <ul><\/ul><\/div>\n<form action=\"\/sk\/wp-json\/wp\/v2\/pages\/2769#wpcf7-f2157-o1\" method=\"post\" class=\"wpcf7-form init\" aria-label=\"Contact form\" novalidate=\"novalidate\" data-status=\"init\">\n<fieldset class=\"hidden-fields-container\"><input type=\"hidden\" name=\"_wpcf7\" value=\"2157\" \/><input type=\"hidden\" name=\"_wpcf7_version\" value=\"6.1.5\" \/><input type=\"hidden\" name=\"_wpcf7_locale\" value=\"en_US\" \/><input type=\"hidden\" name=\"_wpcf7_unit_tag\" value=\"wpcf7-f2157-o1\" \/><input type=\"hidden\" name=\"_wpcf7_container_post\" value=\"0\" \/><input type=\"hidden\" name=\"_wpcf7_posted_data_hash\" value=\"\" \/>\n<\/fieldset>\n<div class=\"columns-2-inputs\">\n\t<p><span class=\"wpcf7-form-control-wrap\" data-name=\"your-name\"><input size=\"40\" maxlength=\"400\" class=\"wpcf7-form-control wpcf7-text wpcf7-validates-as-required\" aria-required=\"true\" aria-invalid=\"false\" placeholder=\"Your name\" value=\"\" type=\"text\" name=\"your-name\" \/><\/span><span class=\"wpcf7-form-control-wrap\" data-name=\"your-email\"><input size=\"40\" maxlength=\"400\" class=\"wpcf7-form-control wpcf7-email wpcf7-validates-as-required wpcf7-text wpcf7-validates-as-email\" aria-required=\"true\" aria-invalid=\"false\" placeholder=\"Your email\" value=\"\" type=\"email\" name=\"your-email\" \/><\/span>\n\t<\/p>\n<\/div>\n<div class=\"columns-2-inputs\">\n\t<p><span class=\"wpcf7-form-control-wrap\" data-name=\"your-phone\"><input size=\"40\" maxlength=\"400\" class=\"wpcf7-form-control wpcf7-tel wpcf7-text wpcf7-validates-as-tel\" aria-invalid=\"false\" placeholder=\"Telephone number\" value=\"\" type=\"tel\" name=\"your-phone\" \/><\/span><span class=\"wpcf7-form-control-wrap\" data-name=\"your-recipient\"><select class=\"wpcf7-form-control wpcf7-select wpcf7-validates-as-required form-control\" aria-required=\"true\" aria-invalid=\"false\" name=\"your-recipient\"><option value=\"Company store\">Company store<\/option><option value=\"Foreign Trade\">Foreign Trade<\/option><option value=\"Production\">Production<\/option><\/select><\/span>\n\t<\/p>\n<\/div>\n<p><span class=\"wpcf7-form-control-wrap\" data-name=\"your-message\"><textarea cols=\"40\" rows=\"10\" maxlength=\"2000\" class=\"wpcf7-form-control wpcf7-textarea\" aria-invalid=\"false\" placeholder=\"Message\" name=\"your-message\"><\/textarea><\/span><span class=\"wpcf7-form-control-wrap\" data-name=\"acceptance-157\"><span class=\"wpcf7-form-control wpcf7-acceptance\"><span class=\"wpcf7-list-item\"><label><input type=\"checkbox\" name=\"acceptance-157\" value=\"1\" aria-invalid=\"false\" \/><span class=\"wpcf7-list-item-label\">I agree that my submitted data is being collected and stored. For further details on handling user data, see our <a href=\"\/development\/privacy-policy\/\" target=\"_blank\">Privacy Policy<\/a><\/span><\/label><\/span><\/span><\/span><span id=\"wpcf7-69ecd843cad9c-wrapper\" class=\"wpcf7-form-control-wrap url-wrap\" ><label for=\"wpcf7-69ecd843cad9c-field\" class=\"hp-message\">Please leave this field empty.<\/label><input id=\"wpcf7-69ecd843cad9c-field\"  class=\"wpcf7-form-control wpcf7-text\" type=\"text\" name=\"url\" value=\"\" size=\"40\" tabindex=\"-1\" autocomplete=\"new-password\" \/><\/span><br \/>\n<span class=\"wpcf7-form-control-wrap\" data-name=\"hcap-cf7\">\t\t<input\n\t\t\t\ttype=\"hidden\"\n\t\t\t\tclass=\"hcaptcha-widget-id\"\n\t\t\t\tname=\"hcaptcha-widget-id\"\n\t\t\t\tvalue=\"eyJzb3VyY2UiOlsiY29udGFjdC1mb3JtLTdcL3dwLWNvbnRhY3QtZm9ybS03LnBocCJdLCJmb3JtX2lkIjoyMTU3fQ==-fd9987f0e67258fd95059393b431ae94\">\n\t\t\t\t<span id=\"hcap_cf7-69ecd843cc1147.76883210\" class=\"wpcf7-form-control h-captcha \"\n\t\t\tdata-sitekey=\"6237554f-eed0-47a2-bff4-1877ced3ee8d\"\n\t\t\tdata-theme=\"dark\"\n\t\t\tdata-size=\"normal\"\n\t\t\tdata-auto=\"false\"\n\t\t\tdata-ajax=\"false\"\n\t\t\tdata-force=\"false\">\n\t\t<\/span>\n\t\t<input type=\"hidden\" id=\"_wpnonce\" name=\"_wpnonce\" value=\"b54a7961bc\" \/><input type=\"hidden\" name=\"_wp_http_referer\" value=\"\/sk\/wp-json\/wp\/v2\/pages\/2769\" \/><\/span><input class=\"wpcf7-form-control wpcf7-submit has-spinner\" type=\"submit\" value=\"Submit\" \/>\n<\/p><input type='hidden' class='wpcf7-pum' value='{\"closepopup\":false,\"closedelay\":0,\"openpopup\":false,\"openpopup_id\":0}' \/><div class=\"wpcf7-response-output\" aria-hidden=\"true\"><\/div>\n<\/form>\n<\/div>\n<\/div><\/div><\/div><\/div><div class=\"vc_row wpb_row vc_row-fluid\"><div class=\"wpb_column vc_column_container vc_col-sm-12 sc_layouts_column_icons_position_left\"><div class=\"vc_column-inner\"><div class=\"wpb_wrapper\"><div class=\"vc_empty_space  vc_custom_1598021797150 sc_height_medium\"   style=\"height: 32px\"><span class=\"vc_empty_space_inner\"><\/span><\/div><\/div><\/div><\/div><\/div><div data-vc-full-width=\"true\" data-vc-full-width-temp=\"true\" data-vc-full-width-init=\"false\" class=\"vc_row wpb_row vc_row-fluid vc_custom_1597936573910 vc_row-has-fill scheme_dark\"><div class=\"wpb_column vc_column_container vc_col-sm-6 vc_col-sm-offset-3 sc_layouts_column_icons_position_left\"><div class=\"vc_column-inner\"><div class=\"wpb_wrapper\"><div class=\"vc_empty_space  vc_custom_1520091414027 sc_height_huge\"   style=\"height: 32px\"><span class=\"vc_empty_space_inner\"><\/span><\/div><div id=\"sc_title_1704818358\"\n\t\tclass=\"sc_title color_style_default sc_title_iconed\"><h2 class=\"sc_item_title sc_title_title sc_align_center sc_item_title_style_iconed sc_item_title_tag\">CONTACT AND TRADING COMPANY INFORMATION<\/h2><\/div><!-- \/.sc_title --><div class=\"vc_empty_space  vc_custom_1574266541662 sc_height_tiny\"   style=\"height: 32px\"><span class=\"vc_empty_space_inner\"><\/span><\/div><div id=\"sc_title_1395323271\"\n\t\tclass=\"sc_title color_style_default sc_title_default\"><div class=\"sc_item_descr sc_title_descr sc_align_center\"><p><strong>Opening hours: Monday - Friday at 8.00 AM - 4.30 PM. It is possible to negotiate individual sales times outside the opening hours if necessary. Individual terms can be arranged by phone under the number.<\/strong><\/p>\n<\/div><\/div><!-- \/.sc_title --><div class=\"vc_empty_space  vc_custom_1520091552054 sc_height_small\"   style=\"height: 32px\"><span class=\"vc_empty_space_inner\"><\/span><\/div><\/div><\/div><\/div><div class=\"wpb_column vc_column_container vc_col-sm-12 sc_layouts_column_icons_position_left\"><div class=\"vc_column-inner\"><div class=\"wpb_wrapper\"><div  id=\"sc_price_679410800\" \r\n\tclass=\"sc_price color_style_default sc_price_default\"><div class=\"sc_price_columns_wrap sc_item_columns trx_addons_columns_wrap columns_padding_bottom\"><div class=\"trx_addons_column-1_3\"><div class=\"sc_price_item sc_price_item_default\">\r\n\t\t\t<div class=\"sc_price_item_info\"><div class=\"sc_price_item_price\"><span class=\"sc_price_item_price_value\">Head Office<\/span><\/div><h3 class=\"sc_price_item_title\"><span>Address<\/span><\/h3><div class=\"sc_price_item_details\"><ul>\n<li>Po\u013eovn\u00edcka 29<\/li>\n<li>974 01 Bansk\u00e1 Bystrica \u2013 \u0160alkov\u00e1<\/li>\n<li>Slovakia<\/li><\/ul><br \/><br \/>\n<h3 class=\"sc_price_item_title\" style=\"padding-bottom: 17px;\"><span>Legal info<\/span><\/h3>\n<ul>\n<li>ID No: 36040151<\/li>\n<li>Tax ID: 2020093669<\/li>\n<li>VAT No: SK2020093669<\/li><\/ul><\/div><\/div><!-- \/.sc_price_item_info --><\/div><\/div><div class=\"trx_addons_column-1_3\"><div class=\"sc_price_item sc_price_item_default\">\r\n\t\t\t<div class=\"sc_price_item_info\"><div class=\"sc_price_item_price\"><span class=\"sc_price_item_price_value\">Company operation<\/span><\/div><h3 class=\"sc_price_item_title\"><span>Address<\/span><\/h3><div class=\"sc_price_item_details\"><ul>\n<li>Pr\u00edboj 558<\/li>\n<li>976 13 Slovensk\u00e1 \u013dup\u010da<\/li>\n<li>Slovakia<\/li><\/ul><br \/><br \/>\n<h3 class=\"sc_price_item_title\" style=\"padding-bottom: 17px;\"><span>Contact Information<\/span><\/h3>\n<ul>\n<li>Phone: +421 48 472 85 00, 10<\/li>\n<li>Fax: +421 48 413 55 77<\/li>\n<li>E-mail: info@grandpower.eu<\/li><\/ul><\/div><\/div><!-- \/.sc_price_item_info --><\/div><\/div><div class=\"trx_addons_column-1_3\"><div class=\"sc_price_item sc_price_item_default\">\r\n\t\t\t<div class=\"sc_price_item_info\"><div class=\"sc_price_item_price\"><span class=\"sc_price_item_price_value\">Company store<\/span><\/div><h3 class=\"sc_price_item_title\"><span>Address<\/span><\/h3><div class=\"sc_price_item_details\"><ul>\n<li>Pr\u00edboj 558<\/li>\n<li>976 13 Slovensk\u00e1 \u013dup\u010da<\/li>\n<li>Slovakia<\/li><\/ul><br \/><br \/>\n<h3 class=\"sc_price_item_title\" style=\"padding-bottom: 17px;\"><span>Contact Information<\/span><\/h3>\n<ul>\n<li>Phone: +421 911 304 828<\/li>\n<li>E-mail: sale@grandpower.eu<\/li><\/ul><\/div><\/div><!-- \/.sc_price_item_info --><\/div><\/div><\/div><\/div><!-- \/.sc_price --><div class=\"vc_empty_space  vc_custom_1520092075445 sc_height_large\"   style=\"height: 32px\"><span class=\"vc_empty_space_inner\"><\/span><\/div><\/div><\/div><\/div><\/div><div class=\"vc_row-full-width vc_clearfix\"><\/div><div data-vc-full-width=\"true\" data-vc-full-width-temp=\"true\" data-vc-full-width-init=\"false\" data-vc-stretch-content=\"true\" class=\"vc_row wpb_row vc_row-fluid gp-maps vc_custom_1744731580094 vc_row-no-padding vc_row-o-content-middle vc_row-flex\"><div class=\"gp-maps wpb_column vc_column_container vc_col-sm-12 vc_col-has-fill sc_column_fixed sc_layouts_column_icons_position_left\"><div class=\"vc_column-inner vc_custom_1744730433983\"><div class=\"wpb_wrapper\">\n\t<div class=\"wpb_raw_code wpb_raw_html wpb_content_element vc_custom_1744729418989\" >\n\t\t<div class=\"wpb_wrapper\">\n\t\t\t\t\t\t\t<div id=\"wp_mapit_A5p94QYIwT\" class=\"wp_mapit_multipin_map\" data-lat=\"48.7569366241\" data-lng=\"19.2529070377\" data-zoom=\"12\" data-type=\"grayscale\" data-marker=\"https:\/\/grandpower.eu\/wp-content\/uploads\/2020\/08\/marker-1.png\" data-width=\"100\" data-width-type=\"per\" data-height=\"700\" data-height-type=\"px\" data-pins=\"[{&quot;lat&quot;:&quot;48.75747075&quot;,&quot;lng&quot;:&quot;19.2525&quot;,&quot;marker_image&quot;:&quot;&quot;,&quot;marker_title&quot;:&quot;GRAND POWER Ltd.&quot;,&quot;marker_content&quot;:&quot;Pr\\u00edboj 558\\r\\n976 13 Slovensk\\u00e1 \\u013dup\\u010da\\r\\nSlovakia&quot;,&quot;marker_url&quot;:&quot;&quot;}]\"><\/div>\n\t\t\t\n\t\t<\/div>\n\t<\/div>\n<\/div><\/div><\/div><\/div><div class=\"vc_row-full-width vc_clearfix\"><\/div>\n<\/div>","protected":false},"excerpt":{"rendered":"GRAND POWERCONNECT WITH OUR MANAGEMENTJaroslav KuracinaCEO Phone: +421 48 472 85 10 E-mail: info@grandpower.eu Follow Me: Mgr. Jakub KunaSales Manager Slovak Republic Company&hellip;","protected":false},"author":990002,"featured_media":0,"parent":0,"menu_order":0,"comment_status":"closed","ping_status":"closed","template":"","meta":{"footnotes":""},"class_list":["post-2769","page","type-page","status-publish","hentry"],"_links":{"self":[{"href":"https:\/\/grandpower.eu\/sk\/wp-json\/wp\/v2\/pages\/2769","targetHints":{"allow":["GET"]}}],"collection":[{"href":"https:\/\/grandpower.eu\/sk\/wp-json\/wp\/v2\/pages"}],"about":[{"href":"https:\/\/grandpower.eu\/sk\/wp-json\/wp\/v2\/types\/page"}],"author":[{"embeddable":true,"href":"https:\/\/grandpower.eu\/sk\/wp-json\/wp\/v2\/users\/990002"}],"replies":[{"embeddable":true,"href":"https:\/\/grandpower.eu\/sk\/wp-json\/wp\/v2\/comments?post=2769"}],"version-history":[{"count":6,"href":"https:\/\/grandpower.eu\/sk\/wp-json\/wp\/v2\/pages\/2769\/revisions"}],"predecessor-version":[{"id":4998,"href":"https:\/\/grandpower.eu\/sk\/wp-json\/wp\/v2\/pages\/2769\/revisions\/4998"}],"wp:attachment":[{"href":"https:\/\/grandpower.eu\/sk\/wp-json\/wp\/v2\/media?parent=2769"}],"curies":[{"name":"wp","href":"https:\/\/api.w.org\/{rel}","templated":true}]}}