{"id":2843,"date":"2020-08-21T17:01:58","date_gmt":"2020-08-21T15:01:58","guid":{"rendered":"https:\/\/grandpower.grandpower.eu\/?page_id=2843"},"modified":"2026-03-11T08:24:33","modified_gmt":"2026-03-11T07:24:33","slug":"dealership-world","status":"publish","type":"page","link":"https:\/\/grandpower.eu\/sk\/dealership-world\/","title":{"rendered":"ZAST\u00daPENIE VO SVETE"},"content":{"rendered":"<div class=\"wpb-content-wrapper\"><div data-vc-full-width=\"true\" data-vc-full-width-temp=\"true\" data-vc-full-width-init=\"false\" class=\"vc_row wpb_row vc_row-fluid wpb_animate_when_almost_visible wpb_fadeInUp fadeInUp vc_custom_1574266865865 vc_row-has-fill vc_row-o-content-middle vc_row-flex\"><div class=\"wpb_column vc_column_container vc_col-sm-12 sc_layouts_column_icons_position_left\"><div class=\"vc_column-inner\"><div class=\"wpb_wrapper\"><div id=\"sc_title_2077394868\"\n\t\tclass=\"sc_title color_style_default sc_title_iconed\"><h6 class=\"sc_item_subtitle sc_title_subtitle sc_align_center sc_item_title_style_iconed\">GRAND POWER<\/h6><h2 class=\"sc_item_title sc_title_title sc_align_center sc_item_title_style_iconed sc_item_title_tag\">SPOLO\u010cNOS\u0164 M\u00c1 SVOJE ZAST\u00daPENIA PO CELOM SVETE<\/h2><div class=\"sc_item_descr sc_title_descr sc_align_center\"><p>V na\u0161ich lok\u00e1lnych pobo\u010dk\u00e1ch a partnersk\u00fdch spolo\u010dnostiach n\u00e1jdete sk\u00fasen\u00fdch odborn\u00edkov, ktor\u00fdch m\u00f4\u017eete kontaktova\u0165.<\/p>\n<\/div><\/div><!-- \/.sc_title --><div class=\"vc_empty_space  vc_custom_1574266541662 sc_height_tiny\"   style=\"height: 32px\"><span class=\"vc_empty_space_inner\"><\/span><\/div><\/div><\/div><\/div><\/div><div class=\"vc_row-full-width vc_clearfix\"><\/div><div class=\"vc_row wpb_row vc_row-fluid\"><div class=\"wpb_column vc_column_container vc_col-sm-12 sc_layouts_column_icons_position_left\"><div class=\"vc_column-inner\"><div class=\"wpb_wrapper\"><div class=\"vc_empty_space  vc_custom_1520246681850 sc_height_tiny\"   style=\"height: 32px\"><span class=\"vc_empty_space_inner\"><\/span><\/div><\/div><\/div><\/div><\/div><div data-vc-full-width=\"true\" data-vc-full-width-temp=\"true\" data-vc-full-width-init=\"false\" data-vc-stretch-content=\"true\" class=\"vc_row wpb_row vc_row-fluid gp-maps wpb_animate_when_almost_visible wpb_fadeIn fadeIn vc_row-no-padding vc_row-o-content-middle vc_row-flex\"><div class=\"gp-maps wpb_column vc_column_container vc_col-sm-12 sc_column_fixed sc_layouts_column sc_layouts_column_align_center sc_layouts_column_icons_position_left\"><div class=\"vc_column-inner vc_custom_1620630118687\"><div class=\"wpb_wrapper\">\n\t<div class=\"wpb_raw_code wpb_raw_html wpb_content_element\" >\n\t\t<div class=\"wpb_wrapper\">\n\t\t\t<iframe loading=\"lazy\" width=\"100%\" height=\"950px\" frameborder=\"0\" src=\"\/\/umap.openstreetmap.de\/cs-cz\/map\/grand-power-world_14994?scaleControl=false&miniMap=false&scrollWheelZoom=false&zoomControl=true&allowEdit=false&moreControl=true&searchControl=null&tilelayersControl=null&embedControl=null&datalayersControl=true&onLoadPanel=undefined&captionBar=false\"><\/iframe>\n\n\t\t<\/div>\n\t<\/div>\n<\/div><\/div><\/div><\/div><div class=\"vc_row-full-width vc_clearfix\"><\/div>\n<\/div>","protected":false},"excerpt":{"rendered":"GRAND POWERTHE COMPANY HAS ITS REPRESENTATIVES ALL OVER THE WORLDYou can find and contact experienced professionals through our local affiliates and partner companies.","protected":false},"author":990002,"featured_media":0,"parent":0,"menu_order":0,"comment_status":"closed","ping_status":"closed","template":"","meta":{"footnotes":""},"class_list":["post-2843","page","type-page","status-publish","hentry"],"_links":{"self":[{"href":"https:\/\/grandpower.eu\/sk\/wp-json\/wp\/v2\/pages\/2843","targetHints":{"allow":["GET"]}}],"collection":[{"href":"https:\/\/grandpower.eu\/sk\/wp-json\/wp\/v2\/pages"}],"about":[{"href":"https:\/\/grandpower.eu\/sk\/wp-json\/wp\/v2\/types\/page"}],"author":[{"embeddable":true,"href":"https:\/\/grandpower.eu\/sk\/wp-json\/wp\/v2\/users\/990002"}],"replies":[{"embeddable":true,"href":"https:\/\/grandpower.eu\/sk\/wp-json\/wp\/v2\/comments?post=2843"}],"version-history":[{"count":6,"href":"https:\/\/grandpower.eu\/sk\/wp-json\/wp\/v2\/pages\/2843\/revisions"}],"predecessor-version":[{"id":7260,"href":"https:\/\/grandpower.eu\/sk\/wp-json\/wp\/v2\/pages\/2843\/revisions\/7260"}],"wp:attachment":[{"href":"https:\/\/grandpower.eu\/sk\/wp-json\/wp\/v2\/media?parent=2843"}],"curies":[{"name":"wp","href":"https:\/\/api.w.org\/{rel}","templated":true}]}}