{"id":2847,"date":"2020-08-21T17:34:41","date_gmt":"2020-08-21T15:34:41","guid":{"rendered":"https:\/\/grandpower.grandpower.eu\/?page_id=2847"},"modified":"2026-03-13T15:48:12","modified_gmt":"2026-03-13T14:48:12","slug":"dealership-in-slovakia","status":"publish","type":"page","link":"https:\/\/grandpower.eu\/sk\/dealership-in-slovakia\/","title":{"rendered":"ZAST\u00daPENIE NA SLOVENSKU"},"content":{"rendered":"<div class=\"wpb-content-wrapper\"><div data-vc-full-width=\"true\" data-vc-full-width-temp=\"true\" data-vc-full-width-init=\"false\" class=\"vc_row wpb_row vc_row-fluid wpb_animate_when_almost_visible wpb_fadeInUp fadeInUp vc_custom_1574266865865 vc_row-has-fill vc_row-o-content-middle vc_row-flex\"><div class=\"wpb_column vc_column_container vc_col-sm-12 sc_layouts_column_icons_position_left\"><div class=\"vc_column-inner\"><div class=\"wpb_wrapper\"><div id=\"sc_title_109512866\"\n\t\tclass=\"sc_title color_style_default sc_title_iconed\"><h6 class=\"sc_item_subtitle sc_title_subtitle sc_align_center sc_item_title_style_iconed\">GRAND POWER<\/h6><h2 class=\"sc_item_title sc_title_title sc_align_center sc_item_title_style_iconed sc_item_title_tag\">AKTU\u00c1LNY ZOZNAM PREDAJN\u00ddCH MIEST A STRELN\u00cdC<\/h2><div class=\"sc_item_descr sc_title_descr sc_align_center\"><p>Predajn\u00e9 miesta na Slovensku a zoznam streln\u00edc kde si m\u00f4\u017eete vysk\u00fa\u0161a\u0165 na\u0161e zbrane.<\/p>\n<\/div><\/div><!-- \/.sc_title --><div class=\"vc_empty_space  vc_custom_1574266541662 sc_height_tiny\"   style=\"height: 32px\"><span class=\"vc_empty_space_inner\"><\/span><\/div><\/div><\/div><\/div><\/div><div class=\"vc_row-full-width vc_clearfix\"><\/div><div class=\"vc_row wpb_row vc_row-fluid\"><div class=\"wpb_column vc_column_container vc_col-sm-12 sc_layouts_column_icons_position_left\"><div class=\"vc_column-inner\"><div class=\"wpb_wrapper\"><div class=\"vc_empty_space  vc_custom_1520246681850 sc_height_tiny\"   style=\"height: 32px\"><span class=\"vc_empty_space_inner\"><\/span><\/div><\/div><\/div><\/div><\/div><div data-vc-full-width=\"true\" data-vc-full-width-temp=\"true\" data-vc-full-width-init=\"false\" data-vc-parallax=\"2\" data-vc-parallax-o-fade=\"on\" class=\"vc_row wpb_row vc_row-fluid vc_custom_1597905905454 vc_row-has-fill vc_general vc_parallax vc_parallax-content-moving-fade js-vc_parallax-o-fade scheme_dark\"><div class=\"wpb_column vc_column_container vc_col-sm-12 sc_layouts_column_icons_position_left\"><div class=\"vc_column-inner\"><div class=\"wpb_wrapper\"><div class=\"vc_row wpb_row vc_inner vc_row-fluid vc_custom_1574346495564 vc_row-has-fill vc_row-o-equal-height vc_row-flex\"><div class=\"wpb_column vc_column_container vc_col-sm-12 vc_col-md-6 sc_layouts_column_icons_position_left\"><div class=\"vc_column-inner\"><div class=\"wpb_wrapper\"><div id=\"sc_content_1706772606\"\n\t\tclass=\"sc_content color_style_default sc_content_default sc_float_center sc_padding_medium\"><div class=\"sc_content_container\">\n\t<div class=\"wpb_text_column wpb_content_element wpb_animate_when_almost_visible wpb_bottom-to-top bottom-to-top\" >\n\t\t<div class=\"wpb_wrapper\">\n\t\t\t<h4><strong>Zoznam streln\u00edc na Slovensku<\/strong><\/h4>\n<ul class=\"trx_addons_list_parameters\">\n<li><strong style=\"color: #ffffff;\">N\u00e1zov predajne<\/strong><em style=\"color: #ffffff;\">Mesto<\/em><\/li>\n<li><strong>Kinostrelnica P\u00e1len\u00edk<\/strong><em>Krvav\u00e9 \u0160enky<\/em><\/li>\n<li><strong>Strelnica pod B\u00e1no\u0161om<\/strong><em>Bansk\u00e1 Bystrica<\/em><\/li>\n<li><strong>Hunter Club Bratislava<\/strong><em>Bratislava<\/em><\/li>\n<li><strong>Strelnica<\/strong><em>Hodkovce<\/em><\/li>\n<li><strong>Strelnica F\u00e9nix<\/strong><em>Levice<\/em><\/li>\n<li><strong>Kryt\u00e1 strelnica Liptov<\/strong><em>Liptovsk\u00fd Hr\u00e1dok<\/em><\/li>\n<li><strong>Objekt 23<\/strong><em>Martin<\/em><\/li>\n<li><strong>Strelnica Ka\u0161tie\u013e Mojm\u00edrovce<\/strong><em>Mojm\u00edrovce<\/em><\/li>\n<li><strong>STEAM FACTORY<\/strong><em>Ko\u0161ice<\/em><\/li>\n<li><strong>RDA Academy<\/strong><em>Nov\u00e9 mesto n. V\u00e1hom<\/em><\/li>\n<li><strong>ABC TRANS<\/strong><em>Trnava<\/em><\/li>\n<li><strong>Kryt\u00e1 strelnica TIDLY<\/strong><em>Bansk\u00e1 \u0160tiavnica<\/em><\/li>\n<li><strong>FALCON<\/strong><em>Pti\u010die<\/em><\/li>\n<li><strong>Strelnica CHICAGO<\/strong><em>Bratislava<\/em><\/li>\n<li><strong>Strelnica STEAM FACTORY OC Optima<\/strong><em>Ko\u0161ice<\/em><\/li>\n<li><strong>Strelnica Dru\u017estevn\u00e1<\/strong><em>Dru\u017estevn\u00e1 pri Horn\u00e1de<\/em><\/li>\n<li><strong>Strelnica \u0160ari\u0161sk\u00e9 Micha\u013eany<\/strong><em>\u0160ari\u0161sk\u00e9 Micha\u013eany<\/em><\/li>\n<li><strong>Pre\u0161ovsk\u00e1 Kryt\u00e1 strelnica<\/strong><em>Pre\u0161ov<\/em><\/li>\n<li><strong>Strelnica Fenix Levice<\/strong><em>Levice-za pek\u00e1r\u0148ou<\/em><\/li>\n<li><strong>Strelnica Jasn\u00e1<\/strong><em>Lazisko<\/em><\/li>\n<\/ul>\n\n\t\t<\/div>\n\t<\/div>\n<div class=\"vc_empty_space  vc_custom_1574348452760\"   style=\"height: 25px\"><span class=\"vc_empty_space_inner\"><\/span><\/div><\/div><\/div><!-- \/.sc_content --><\/div><\/div><\/div><div class=\"wpb_column vc_column_container vc_col-sm-6 vc_hidden-sm vc_hidden-xs vc_col-has-fill sc_layouts_column_icons_position_left\"><div class=\"vc_column-inner vc_custom_1598180023668\"><div class=\"wpb_wrapper\"><\/div><\/div><\/div><\/div><div class=\"vc_empty_space  vc_custom_1520092075445 sc_height_large\"   style=\"height: 32px\"><span class=\"vc_empty_space_inner\"><\/span><\/div><\/div><\/div><\/div><\/div><div class=\"vc_row-full-width vc_clearfix\"><\/div><div class=\"vc_row wpb_row vc_row-fluid\"><div class=\"wpb_column vc_column_container vc_col-sm-12 sc_layouts_column_icons_position_left\"><div class=\"vc_column-inner\"><div class=\"wpb_wrapper\"><div class=\"vc_empty_space  vc_custom_1520246681850 sc_height_tiny\"   style=\"height: 32px\"><span class=\"vc_empty_space_inner\"><\/span><\/div><\/div><\/div><\/div><\/div><div data-vc-full-width=\"true\" data-vc-full-width-temp=\"true\" data-vc-full-width-init=\"false\" data-vc-stretch-content=\"true\" class=\"vc_row wpb_row vc_row-fluid gp-maps vc_row-no-padding vc_row-o-content-middle vc_row-flex\"><div class=\"gp-maps wpb_column vc_column_container vc_col-sm-12 sc_column_fixed sc_layouts_column_icons_position_left\"><div class=\"vc_column-inner vc_custom_1597765847729\"><div class=\"wpb_wrapper\">\n\t<div class=\"wpb_raw_code wpb_raw_html wpb_content_element\" >\n\t\t<div class=\"wpb_wrapper\">\n\t\t\t<iframe loading=\"lazy\" width=\"100%\" height=\"650px\" frameborder=\"0\" allowfullscreen src=\"\/\/umap.openstreetmap.de\/cs-cz\/map\/grand-power-slovakia_14993?scaleControl=false&miniMap=false&scrollWheelZoom=false&zoomControl=true&allowEdit=false&moreControl=true&searchControl=null&tilelayersControl=null&embedControl=null&datalayersControl=true&onLoadPanel=undefined&captionBar=false\"><\/iframe>\n\t\t<\/div>\n\t<\/div>\n<\/div><\/div><\/div><\/div><div class=\"vc_row-full-width vc_clearfix\"><\/div>\n<\/div>","protected":false},"excerpt":{"rendered":"GRAND POWERCURRENT LIST OF STORES SHOP AND SHOOTING RANGESSales points in Slovakia and a list of shooting ranges where you can try our&hellip;","protected":false},"author":990002,"featured_media":0,"parent":0,"menu_order":0,"comment_status":"closed","ping_status":"closed","template":"","meta":{"footnotes":""},"class_list":["post-2847","page","type-page","status-publish","hentry"],"_links":{"self":[{"href":"https:\/\/grandpower.eu\/sk\/wp-json\/wp\/v2\/pages\/2847","targetHints":{"allow":["GET"]}}],"collection":[{"href":"https:\/\/grandpower.eu\/sk\/wp-json\/wp\/v2\/pages"}],"about":[{"href":"https:\/\/grandpower.eu\/sk\/wp-json\/wp\/v2\/types\/page"}],"author":[{"embeddable":true,"href":"https:\/\/grandpower.eu\/sk\/wp-json\/wp\/v2\/users\/990002"}],"replies":[{"embeddable":true,"href":"https:\/\/grandpower.eu\/sk\/wp-json\/wp\/v2\/comments?post=2847"}],"version-history":[{"count":6,"href":"https:\/\/grandpower.eu\/sk\/wp-json\/wp\/v2\/pages\/2847\/revisions"}],"predecessor-version":[{"id":7278,"href":"https:\/\/grandpower.eu\/sk\/wp-json\/wp\/v2\/pages\/2847\/revisions\/7278"}],"wp:attachment":[{"href":"https:\/\/grandpower.eu\/sk\/wp-json\/wp\/v2\/media?parent=2847"}],"curies":[{"name":"wp","href":"https:\/\/api.w.org\/{rel}","templated":true}]}}