{"id":3946,"date":"2023-12-20T11:44:20","date_gmt":"2023-12-20T10:44:20","guid":{"rendered":"https:\/\/grandpower.eu\/?page_id=3946"},"modified":"2023-12-20T12:02:40","modified_gmt":"2023-12-20T11:02:40","slug":"projects","status":"publish","type":"page","link":"https:\/\/grandpower.eu\/sk\/projects\/","title":{"rendered":"PROJECTS"},"content":{"rendered":"<div class=\"wpb-content-wrapper\"><div data-vc-full-width=\"true\" data-vc-full-width-temp=\"true\" data-vc-full-width-init=\"false\" class=\"vc_row wpb_row vc_row-fluid wpb_animate_when_almost_visible wpb_fadeInUp fadeInUp vc_custom_1574266865865 vc_row-has-fill vc_row-o-content-middle vc_row-flex\"><div class=\"wpb_column vc_column_container vc_col-sm-12 sc_layouts_column_icons_position_left\"><div class=\"vc_column-inner\"><div class=\"wpb_wrapper\"><div id=\"sc_title_1442900390\"\n\t\tclass=\"sc_title color_style_default sc_title_iconed\"><h6 class=\"sc_item_subtitle sc_title_subtitle sc_align_center sc_item_title_style_iconed\">GRAND POWER<\/h6><h2 class=\"sc_item_title sc_title_title sc_align_center sc_item_title_style_iconed sc_item_title_tag\">PROJEKTY<\/h2><\/div><!-- \/.sc_title --><div class=\"vc_empty_space  vc_custom_1574266541662 sc_height_tiny\"   style=\"height: 32px\"><span class=\"vc_empty_space_inner\"><\/span><\/div><\/div><\/div><\/div><\/div><div class=\"vc_row-full-width vc_clearfix\"><\/div><div class=\"vc_row wpb_row vc_row-fluid\"><div class=\"wpb_column vc_column_container vc_col-sm-12 sc_layouts_column_icons_position_left\"><div class=\"vc_column-inner\"><div class=\"wpb_wrapper\"><div class=\"vc_empty_space  vc_custom_1520246681850 sc_height_tiny\"   style=\"height: 32px\"><span class=\"vc_empty_space_inner\"><\/span><\/div><\/div><\/div><\/div><\/div><div data-vc-full-width=\"true\" data-vc-full-width-temp=\"true\" data-vc-full-width-init=\"false\" data-vc-parallax=\"2\" data-vc-parallax-o-fade=\"on\" class=\"vc_row wpb_row vc_row-fluid vc_custom_1597905905454 vc_row-has-fill vc_general vc_parallax vc_parallax-content-moving-fade js-vc_parallax-o-fade scheme_dark\"><div class=\"wpb_column vc_column_container vc_col-sm-12 sc_layouts_column_icons_position_left\"><div class=\"vc_column-inner\"><div class=\"wpb_wrapper\"><div class=\"vc_row wpb_row vc_inner vc_row-fluid vc_custom_1574346495564 vc_row-has-fill vc_row-o-equal-height vc_row-flex\"><div class=\"wpb_column vc_column_container vc_col-sm-12 vc_col-md-6 sc_layouts_column_icons_position_left\"><div class=\"vc_column-inner\"><div class=\"wpb_wrapper\"><div id=\"sc_content_622424617\"\n\t\tclass=\"sc_content color_style_default sc_content_default sc_float_center sc_padding_medium\"><div class=\"sc_content_container\">\n\t<div class=\"wpb_text_column wpb_content_element wpb_animate_when_almost_visible wpb_bottom-to-top bottom-to-top\" >\n\t\t<div class=\"wpb_wrapper\">\n\t\t\t<h5><strong>N\u00e1zov projektu<\/strong><\/h5>\n<p>V\u00fdskum \u017eivotnosti hlavn\u00ed plne automatick\u00fdch zbran\u00ed v z\u00e1vislosti od tepeln\u00e9ho alebo chemicko-tepeln\u00e9ho spracovania.<\/p>\n<h5><strong>Poskytovate\u013e grantu<\/strong><\/h5>\n<p>Ministerstvo obrany Slovenskej republiky<\/p>\n<h5><strong>V\u00fdzva<\/strong><\/h5>\n<p>V\u00fdzva \u2013 1 &#8211; 2022<\/p>\n<h5><strong>Doba realiz\u00e1cie projektu<\/strong><\/h5>\n<p>1.2.2023 do 30.11.2023<\/p>\n<h5><strong>V\u00fd\u0161ka grantu<\/strong><\/h5>\n<p>110 000 EUR<\/p>\n<h5><strong>Ciele projektu<\/strong><\/h5>\n<ul>\n<li>zv\u00fd\u0161i\u0165 know-how a technologick\u00fa \u00farove\u0148 slovensk\u00e9ho v\u00fdskumno-v\u00fdvojov\u00e9ho a v\u00fdrobn\u00e9ho subjektu prostredn\u00edctvom z\u00e1kladn\u00e9ho v\u00fdskumu v oblasti pred\u013a\u017eenia \u017eivotnosti hlavn\u00ed plne automatick\u00fdch zbran\u00ed inovat\u00edvnymi met\u00f3dami,<\/li>\n<li>zrealizova\u0165 z\u00e1kladn\u00fd v\u00fdskum materi\u00e1lov pou\u017e\u00edvan\u00fdch pri v\u00fdrobe s cie\u013eom zv\u00fd\u0161enia \u017eivotnosti hlavn\u00ed plne automatick\u00fdch zbran\u00ed v z\u00e1vislosti od tepeln\u00e9ho alebo chemicko-tepeln\u00e9ho spracovania, ktor\u00fd je plne v s\u00falade s Koncepciou zamerania a podpory v\u00fdskumu a v\u00fdvoja v oblasti obrany s v\u00fdh\u013eadom do roku 2025 schv\u00e1lenej d\u0148a 25. marca 2021, kde vybranou prioritnou oblas\u0165ou v\u00fdskumu a v\u00fdvoja s\u00fa inovat\u00edvne v\u00fdroby a materi\u00e1ly,<\/li>\n<li>zrealizova\u0165 z\u00e1kladn\u00fd v\u00fdskum sp\u00f4sobu aplik\u00e1cie inovat\u00edvnych materi\u00e1lov pou\u017e\u00edvan\u00fdch v prostred\u00ed rezortu obrany formou boridovania, nitridovania a karbonitridovania,<\/li>\n<li>vyu\u017ei\u0165 kvalitn\u00fdch v\u00fdvojov\u00fdch kapac\u00edt firmy s dlhoro\u010dn\u00fdmi sk\u00fasenos\u0165ami v oblasti v\u00fdroby zbran\u00ed a mun\u00edcie.<\/li>\n<\/ul>\n<p><strong>\u201eProjekt bol realizovan\u00fd s finan\u010dnou podporou Ministerstva obrany Slovenskej republiky\u201c<\/strong><\/p>\n\n\t\t<\/div>\n\t<\/div>\n<div class=\"vc_empty_space  vc_custom_1574348452760\"   style=\"height: 25px\"><span class=\"vc_empty_space_inner\"><\/span><\/div><\/div><\/div><!-- \/.sc_content --><\/div><\/div><\/div><div class=\"wpb_column vc_column_container vc_col-sm-6 vc_hidden-sm vc_hidden-xs vc_col-has-fill sc_layouts_column_icons_position_left\"><div class=\"vc_column-inner vc_custom_1598445697311\"><div class=\"wpb_wrapper\"><\/div><\/div><\/div><\/div><div class=\"vc_empty_space  vc_custom_1520092075445 sc_height_large\"   style=\"height: 32px\"><span class=\"vc_empty_space_inner\"><\/span><\/div><\/div><\/div><\/div><\/div><div class=\"vc_row-full-width vc_clearfix\"><\/div>\n<\/div>","protected":false},"excerpt":{"rendered":"GRAND POWERPROJEKTY N\u00e1zov projektu V\u00fdskum \u017eivotnosti hlavn\u00ed plne automatick\u00fdch zbran\u00ed v z\u00e1vislosti od tepeln\u00e9ho alebo chemicko-tepeln\u00e9ho spracovania. Poskytovate\u013e grantu Ministerstvo obrany Slovenskej republiky&hellip;","protected":false},"author":990002,"featured_media":0,"parent":0,"menu_order":0,"comment_status":"closed","ping_status":"closed","template":"","meta":{"footnotes":""},"class_list":["post-3946","page","type-page","status-publish","hentry"],"_links":{"self":[{"href":"https:\/\/grandpower.eu\/sk\/wp-json\/wp\/v2\/pages\/3946","targetHints":{"allow":["GET"]}}],"collection":[{"href":"https:\/\/grandpower.eu\/sk\/wp-json\/wp\/v2\/pages"}],"about":[{"href":"https:\/\/grandpower.eu\/sk\/wp-json\/wp\/v2\/types\/page"}],"author":[{"embeddable":true,"href":"https:\/\/grandpower.eu\/sk\/wp-json\/wp\/v2\/users\/990002"}],"replies":[{"embeddable":true,"href":"https:\/\/grandpower.eu\/sk\/wp-json\/wp\/v2\/comments?post=3946"}],"version-history":[{"count":4,"href":"https:\/\/grandpower.eu\/sk\/wp-json\/wp\/v2\/pages\/3946\/revisions"}],"predecessor-version":[{"id":3951,"href":"https:\/\/grandpower.eu\/sk\/wp-json\/wp\/v2\/pages\/3946\/revisions\/3951"}],"wp:attachment":[{"href":"https:\/\/grandpower.eu\/sk\/wp-json\/wp\/v2\/media?parent=3946"}],"curies":[{"name":"wp","href":"https:\/\/api.w.org\/{rel}","templated":true}]}}