{"id":2994,"date":"2020-08-25T10:23:31","date_gmt":"2020-08-25T08:23:31","guid":{"rendered":"https:\/\/grandpower.grandpower.eu\/?post_type=product&#038;p=2994"},"modified":"2023-10-09T12:52:40","modified_gmt":"2023-10-09T10:52:40","slug":"p1","status":"publish","type":"product","link":"https:\/\/grandpower.eu\/sk\/products\/product-categories\/pistols\/9x19-luger\/p1\/","title":{"rendered":"P1"},"content":{"rendered":"<div class=\"wpb-content-wrapper\">\t\t\t\t<div id=\"wp_mapit_fP0mETsYQV\" class=\"wp_mapit_map\" data-lat=\"0\" data-lng=\"0\" data-zoom=\"0\" data-type=\"grayscale\" data-marker=\"https:\/\/grandpower.grandpower.eu\/wp-content\/plugins\/wp-mapit\/wp_mapit\/images\/map-pin.png\" data-title=\"\" data-content=\"\" data-url=\"\" data-width=\"100\" data-width-type=\"per\" data-height=\"700\" data-height-type=\"px\"><\/div>\n\t\t\t<div class=\"vc_row wpb_row vc_row-fluid\"><div class=\"wpb_column vc_column_container vc_col-sm-12 sc_layouts_column_icons_position_left\"><div class=\"vc_column-inner\"><div class=\"wpb_wrapper\">\n\t<div class=\"wpb_text_column wpb_content_element\" >\n\t\t<div class=\"wpb_wrapper\">\n\t\t\t<p>P1 je semi-kompaktn\u00fd SA\/DA model s krat\u0161\u00edm z\u00e1verom a hlav\u0148ou ako \u0161tandartn\u00fd model K100. To d\u00e1va zbrani oproti \u0161tandardnej ve\u013ekosti v\u00e4\u010d\u0161iu kompaktnos\u0165 pri zachovan\u00ed palebnej kapacity a pohodln\u00e9ho dr\u017eania, \u010do ocenia hlavne jej u\u017e\u00edvatelia v r\u00e1mci skryt\u00e9ho nosenia na osobn\u00fa ochranu. Presnos\u0165 a n\u00e1strel zost\u00e1vaj\u00fa u P1 navzdory zmene d\u013a\u017eky hlavne na \u00farovni \u0161tandardn\u00fdch modelov. Mieridl\u00e1 pozost\u00e1vaj\u00fa zo stranovo nastavite\u013en\u00e9ho kovov\u00e9ho cie\u013enika a plastovej mu\u0161ky.<\/p>\n\n\t\t<\/div>\n\t<\/div>\n<\/div><\/div><\/div><\/div>\n<\/div>","protected":false},"excerpt":{"rendered":"<h2 class=\"product-name\">P1<\/h2>\n<ul class=\"trx_addons_list_parameters\">\n<li><strong style=\"color: #b3a168;\">Kaliber:<\/strong><em>9mm Luger<\/em><\/li>\n<li><strong style=\"color: #b3a168;\">Re\u017eim:<\/strong><em>SA \/ DA<\/em><\/li>\n<li><strong style=\"color: #b3a168;\">Odpor sp\u00fa\u0161te:<\/strong><em>20-25N \/ 35-40N<\/em><\/li>\n<li><strong style=\"color: #b3a168;\">Celkov\u00e1 d\u013a\u017eka:<\/strong><em>187,5 mm<\/em><\/li>\n<li><strong style=\"color: #b3a168;\">V\u00fd\u0161ka bez z\u00e1sobn\u00edka:<\/strong><em>133,5 mm<\/em><\/li>\n<li><strong style=\"color: #b3a168;\">Celkov\u00e1 \u0161\u00edrka:<\/strong><em>36 mm<\/em><\/li>\n<li><strong style=\"color: #b3a168;\">D\u013a\u017eka hlavne:<\/strong><em>93 mm<\/em><\/li>\n<li><strong style=\"color: #b3a168;\">Hmotnos\u0165 s pr\u00e1zdnym z\u00e1sobn\u00edkom:<\/strong><em>770 g<\/em><\/li>\n<li><strong style=\"color: #b3a168;\">Hmotnos\u0165 bez z\u00e1sobn\u00edka:<\/strong><em>690 g<\/em><\/li>\n<li><strong style=\"color: #b3a168;\">Kapacita \u0161tandardn\u00e9ho z\u00e1sobn\u00edka:<\/strong><em>15<\/em><\/li>\n<\/ul>","protected":false},"featured_media":2996,"template":"","meta":[],"product_brand":[],"product_cat":[57,73,75],"product_tag":[],"class_list":{"0":"post-2994","1":"product","2":"type-product","3":"status-publish","4":"has-post-thumbnail","6":"product_cat-pistols","7":"product_cat-9x19-luger","8":"product_cat-civilian","9":"product_shipping_class-europe","11":"first","12":"instock","13":"shipping-taxable","14":"product-type-simple"},"_links":{"self":[{"href":"https:\/\/grandpower.eu\/sk\/wp-json\/wp\/v2\/product\/2994","targetHints":{"allow":["GET"]}}],"collection":[{"href":"https:\/\/grandpower.eu\/sk\/wp-json\/wp\/v2\/product"}],"about":[{"href":"https:\/\/grandpower.eu\/sk\/wp-json\/wp\/v2\/types\/product"}],"wp:featuredmedia":[{"embeddable":true,"href":"https:\/\/grandpower.eu\/sk\/wp-json\/wp\/v2\/media\/2996"}],"wp:attachment":[{"href":"https:\/\/grandpower.eu\/sk\/wp-json\/wp\/v2\/media?parent=2994"}],"wp:term":[{"taxonomy":"product_brand","embeddable":true,"href":"https:\/\/grandpower.eu\/sk\/wp-json\/wp\/v2\/product_brand?post=2994"},{"taxonomy":"product_cat","embeddable":true,"href":"https:\/\/grandpower.eu\/sk\/wp-json\/wp\/v2\/product_cat?post=2994"},{"taxonomy":"product_tag","embeddable":true,"href":"https:\/\/grandpower.eu\/sk\/wp-json\/wp\/v2\/product_tag?post=2994"}],"curies":[{"name":"wp","href":"https:\/\/api.w.org\/{rel}","templated":true}]}}