{"id":3018,"date":"2020-08-25T12:01:56","date_gmt":"2020-08-25T10:01:56","guid":{"rendered":"https:\/\/grandpower.grandpower.eu\/?post_type=product&#038;p=3018"},"modified":"2026-04-13T14:09:43","modified_gmt":"2026-04-13T12:09:43","slug":"p45","status":"publish","type":"product","link":"https:\/\/grandpower.eu\/sk\/products\/product-categories\/pistols\/civilian\/p45\/","title":{"rendered":"P45"},"content":{"rendered":"<div class=\"wpb-content-wrapper\">\t\t\t\t<div id=\"wp_mapit_aeGhC9PtyS\" class=\"wp_mapit_map\" data-lat=\"0\" data-lng=\"0\" data-zoom=\"0\" data-type=\"grayscale\" data-marker=\"https:\/\/grandpower.grandpower.eu\/wp-content\/plugins\/wp-mapit\/wp_mapit\/images\/map-pin.png\" data-title=\"\" data-content=\"\" data-url=\"\" data-width=\"100\" data-width-type=\"per\" data-height=\"700\" data-height-type=\"px\"><\/div>\n\t\t\t<div class=\"vc_row wpb_row vc_row-fluid\"><div class=\"wpb_column vc_column_container vc_col-sm-12 sc_layouts_column_icons_position_left\"><div class=\"vc_column-inner\"><div class=\"wpb_wrapper\">\n\t<div class=\"wpb_text_column wpb_content_element\" >\n\t\t<div class=\"wpb_wrapper\">\n\t\t\t<p>Model P 45 je \u010fal\u0161\u00ed krok vo v\u00fdvoji popul\u00e1rnej K100 s jej unik\u00e1tnou rota\u010dnou hlav\u0148ou pretaven\u00e1 do klasiky \u2013 legend\u00e1rn\u00e9ho kalibru .45 ACP. Zbra\u0148 je postaven\u00e1 na poslednej gener\u00e1cii r\u00e1mu Mk12 vybaven\u00e9ho nov\u00fdm syst\u00e9mom rozborky cez rozborn\u00fd segment. T\u00e1to inov\u00e1cia zabezpe\u010duje vy\u0161\u0161iu ergonomiu \u00fachopu zbrane a podstatne zjednodu\u0161uje rozborku a zborku zbrane.<\/p>\n\n\t\t<\/div>\n\t<\/div>\n<\/div><\/div><\/div><\/div>\n<\/div>","protected":false},"excerpt":{"rendered":"<h2 class=\"product-name\">P45<\/h2>\n<ul class=\"trx_addons_list_parameters\">\n<li><strong style=\"color: #b3a168;\">Kaliber:<\/strong><em>.45 ACP<\/em><\/li>\n<li><strong style=\"color: #b3a168;\">Re\u017eim:<\/strong><em>SA \/ DA<\/em><\/li>\n<li><strong style=\"color: #b3a168;\">Odpor sp\u00fa\u0161te:<\/strong><em>20-25N \/ 35-40N<\/em><\/li>\n<li><strong style=\"color: #b3a168;\">Celkov\u00e1 d\u013a\u017eka:<\/strong><em>206,5 mm<\/em><\/li>\n<li><strong style=\"color: #b3a168;\">V\u00fd\u0161ka bez z\u00e1sobn\u00edka:<\/strong><em>137,5 mm<\/em><\/li>\n<li><strong style=\"color: #b3a168;\">Celkov\u00e1 \u0161\u00edrka:<\/strong><em>36 mm<\/em><\/li>\n<li><strong style=\"color: #b3a168;\">D\u013a\u017eka hlavne:<\/strong><em>108 mm<\/em><\/li>\n<li><strong style=\"color: #b3a168;\">Hmotnos\u0165 s pr\u00e1zdnym z\u00e1sobn\u00edkom:<\/strong><em>847 g<\/em><\/li>\n<li><strong style=\"color: #b3a168;\">Hmotnos\u0165 bez z\u00e1sobn\u00edka:<\/strong><em>750 g<\/em><\/li>\n<li><strong style=\"color: #b3a168;\">Kapacita \u0161tandardn\u00e9ho z\u00e1sobn\u00edka:<\/strong><em>10<\/em><\/li>\n<\/ul>\n<ul id=\"omoc\" class=\"trx_addons_list_parameters\">\n<li class=\"omoc\"><strong style=\"color: #b3a168;\">Odpor\u00fa\u010dan\u00e1 MOC<\/strong><em>od 749 \u20ac<\/em><\/li>\n<\/ul>","protected":false},"featured_media":3020,"template":"","meta":[],"product_brand":[],"product_cat":[57,77,75],"product_tag":[],"class_list":{"0":"post-3018","1":"product","2":"type-product","3":"status-publish","4":"has-post-thumbnail","6":"product_cat-pistols","7":"product_cat-45acp","8":"product_cat-civilian","9":"product_shipping_class-europe","11":"first","12":"instock","13":"shipping-taxable","14":"product-type-simple"},"_links":{"self":[{"href":"https:\/\/grandpower.eu\/sk\/wp-json\/wp\/v2\/product\/3018","targetHints":{"allow":["GET"]}}],"collection":[{"href":"https:\/\/grandpower.eu\/sk\/wp-json\/wp\/v2\/product"}],"about":[{"href":"https:\/\/grandpower.eu\/sk\/wp-json\/wp\/v2\/types\/product"}],"wp:featuredmedia":[{"embeddable":true,"href":"https:\/\/grandpower.eu\/sk\/wp-json\/wp\/v2\/media\/3020"}],"wp:attachment":[{"href":"https:\/\/grandpower.eu\/sk\/wp-json\/wp\/v2\/media?parent=3018"}],"wp:term":[{"taxonomy":"product_brand","embeddable":true,"href":"https:\/\/grandpower.eu\/sk\/wp-json\/wp\/v2\/product_brand?post=3018"},{"taxonomy":"product_cat","embeddable":true,"href":"https:\/\/grandpower.eu\/sk\/wp-json\/wp\/v2\/product_cat?post=3018"},{"taxonomy":"product_tag","embeddable":true,"href":"https:\/\/grandpower.eu\/sk\/wp-json\/wp\/v2\/product_tag?post=3018"}],"curies":[{"name":"wp","href":"https:\/\/api.w.org\/{rel}","templated":true}]}}