{"id":3026,"date":"2020-08-25T12:18:29","date_gmt":"2020-08-25T10:18:29","guid":{"rendered":"https:\/\/grandpower.grandpower.eu\/?post_type=product&#038;p=3026"},"modified":"2023-10-16T12:19:36","modified_gmt":"2023-10-16T10:19:36","slug":"q1","status":"publish","type":"product","link":"https:\/\/grandpower.eu\/sk\/products\/product-categories\/pistols\/9x19-luger\/q1\/","title":{"rendered":"Q1"},"content":{"rendered":"<div class=\"wpb-content-wrapper\">\t\t\t\t<div id=\"wp_mapit_riBcG5qwjK\" class=\"wp_mapit_map\" data-lat=\"0\" data-lng=\"0\" data-zoom=\"0\" data-type=\"grayscale\" data-marker=\"https:\/\/grandpower.grandpower.eu\/wp-content\/plugins\/wp-mapit\/wp_mapit\/images\/map-pin.png\" data-title=\"\" data-content=\"\" data-url=\"\" data-width=\"100\" data-width-type=\"per\" data-height=\"700\" data-height-type=\"px\"><\/div>\n\t\t\t<div class=\"vc_row wpb_row vc_row-fluid\"><div class=\"wpb_column vc_column_container vc_col-sm-12 sc_layouts_column_icons_position_left\"><div class=\"vc_column-inner\"><div class=\"wpb_wrapper\">\n\t<div class=\"wpb_text_column wpb_content_element\" >\n\t\t<div class=\"wpb_wrapper\">\n\t\t\t<p>Q1 je kompaktnou verziou n\u00e1\u0161ho \u00faspe\u0161n\u00e9ho modelu Q100, vhodnej\u0161ou na skryt\u00e9 nosenie ako pre civiln\u00e9 tak i slu\u017eobn\u00e9 pou\u017eitie.<br \/>\nPi\u0161to\u013e Q1 pracuje na princ\u00edpe prednapnut\u00e9ho z\u00e1paln\u00edka s absenciou bicieho koh\u00fata. V\u010faka unik\u00e1tnej kon\u0161trukcii m\u00e1 sp\u00fa\u0161\u0165 hladk\u00fd chod s plochou charakteristikou, bez typick\u00e9ho st\u00fapania pred odpalom, ktor\u00fd umo\u017e\u0148uje presn\u00fa stre\u013ebu bez strh\u00e1vania i v stresovej situ\u00e1cii. Sp\u00fa\u0161\u0165 je rovnako vybaven\u00e1 dlh\u0161\u00edm chodom ako i auton\u00f3mnou poistkou, bez potreby jej manu\u00e1lnej aktiv\u00e1cie. V pi\u0161toli je rovnako pr\u00edtomn\u00fd syst\u00e9m autopoistky s blok\u00e1ciou z\u00e1paln\u00edka zn\u00e1my z na\u0161ej K100 a in\u00fdch modelov, ktor\u00fd br\u00e1ni n\u00e1hodn\u00e9mu v\u00fdstrelu napr. pri p\u00e1de pi\u0161tole.<br \/>\nRovnako ako u in\u00fdch modelov GRAND POWER, i v Q1 n\u00e1jdete n\u00e1\u0161 unik\u00e1tny syst\u00e9m uzamykania rot\u00e1ciou hlavne, ktor\u00fd poskytuje zna\u010dn\u00e9 zn\u00ed\u017eenie sp\u00e4tn\u00e9ho r\u00e1zu, zv\u00fd\u0161en\u00fa presnos\u0165 a men\u0161\u00ed zdvih \u00fastia pri stre\u013ebe. Vo v\u00fdsledku poc\u00edtite vy\u0161\u0161iu presnos\u0165 stre\u013eby s vy\u0161\u0161ou r\u00fdchlos\u0165ou po sebe nasleduj\u00facich v\u00fdstrelov. Na rozdiel od konkuren\u010dn\u00fdch syst\u00e9mov s rot\u00e1ciou hlavne, rot\u00e1cia hlavn\u00ed GRAND POWER je zabezpe\u010den\u00e1 kombin\u00e1ciou \u0161peci\u00e1lne tvarovan\u00e9ho povrchu hlavne a rota\u010dn\u00e9ho kol\u00edka vo vlo\u017eke pi\u0161tole, \u010do prin\u00e1\u0161a vy\u0161\u0161iu spo\u013eahlivos\u0165 v n\u00e1ro\u010dn\u00fdch podmienkach a ni\u017e\u0161iu n\u00e1chylnos\u0165 na z\u00e1vady.<br \/>\nQ1 je vybaven\u00e1 polym\u00e9rovou rukov\u00e4\u0165ou\/gripom so \u0161tyrmi vymenite\u013en\u00fdmi chrbtami, v ktorom sa nach\u00e1dza oce\u013eov\u00e1 vlo\u017eka, skuto\u010dn\u00e9 telo zbrane, vyroben\u00e9 trieskov\u00fdm obr\u00e1ban\u00edm z jedn\u00e9ho kusu kvalitnej ocele. Rovnak\u00e1 \u00farove\u0148 kvality je zachovan\u00e1 i pre \u010fal\u0161\u00edch \u010dastiach ako je z\u00e1ver, rovnako z jedn\u00e9ho kusu ocele, \u010di mas\u00edvna hrubostenn\u00e1 hlave\u0148. Pri v\u0161etk\u00fdch \u010dastiach a s\u00fa\u010dastiach boli pou\u017eit\u00e9 v\u00fdlu\u010dne \u0161pi\u010dkov\u00e9 materi\u00e1ly a najmodernej\u0161ie technologick\u00e9 postupy.<br \/>\nPre uspokojenie v\u0161etk\u00fdch u\u017e\u00edvate\u013eov s\u00fa v\u0161etky ovl\u00e1dacie prvky plne obojstrann\u00e9. Zbra\u0148 je mo\u017en\u00e9 rozobra\u0165 na \u010distenie bez n\u00e1strojov.<\/p>\n\n\t\t<\/div>\n\t<\/div>\n<div id=\"widget_video_1238426067\" class=\"widget_area sc_widget_video vc_widget_video wpb_content_element  vc_custom_1697451573507\"><aside id=\"widget_video_1238426067_widget\" class=\"widget widget_video\"><div id=\"sc_video_397713670\" class=\"trx_addons_video_player without_cover\"><div class=\"video_embed video_frame\"><iframe loading=\"lazy\" title=\"GRAND POWER Q series\" width=\"1170\" height=\"658\" src=\"https:\/\/www.youtube.com\/embed\/NEw9Gxf-Jus?feature=oembed\" frameborder=\"0\" allow=\"accelerometer; autoplay; clipboard-write; encrypted-media; gyroscope; picture-in-picture; web-share\" allowfullscreen><\/iframe><\/div><\/div><\/aside><\/div><\/div><\/div><\/div><\/div>\n<\/div>","protected":false},"excerpt":{"rendered":"<h2 class=\"product-name\">Q1<\/h2>\n<ul class=\"trx_addons_list_parameters\">\n<li><strong style=\"color: #b3a168;\">Kaliber:<\/strong><em>9mm Luger<\/em><\/li>\n<li><strong style=\"color: #b3a168;\">Odpor sp\u00fa\u0161te:<\/strong><em>16N<\/em><\/li>\n<li><strong style=\"color: #b3a168;\">Celkov\u00e1 d\u013a\u017eka:<\/strong><em>187 mm<\/em><\/li>\n<li><strong style=\"color: #b3a168;\">V\u00fd\u0161ka bez z\u00e1sobn\u00edka:<\/strong><em>133 mm<\/em><\/li>\n<li><strong style=\"color: #b3a168;\">Celkov\u00e1 \u0161\u00edrka:<\/strong><em>34 mm<\/em><\/li>\n<li><strong style=\"color: #b3a168;\">D\u013a\u017eka hlavne:<\/strong><em>96 mm<\/em><\/li>\n<li><strong style=\"color: #b3a168;\">Hmotnos\u0165:<\/strong><em>680 g<\/em><\/li>\n<li><strong style=\"color: #b3a168;\">Kapacita \u0161tandardn\u00e9ho z\u00e1sobn\u00edka:<\/strong><em>15<\/em><\/li>\n<\/ul>","protected":false},"featured_media":3028,"template":"","meta":[],"product_brand":[],"product_cat":[57,73,91],"product_tag":[],"class_list":{"0":"post-3026","1":"product","2":"type-product","3":"status-publish","4":"has-post-thumbnail","6":"product_cat-pistols","7":"product_cat-9x19-luger","8":"product_cat-sport","9":"product_shipping_class-europe","11":"first","12":"instock","13":"shipping-taxable","14":"product-type-simple"},"_links":{"self":[{"href":"https:\/\/grandpower.eu\/sk\/wp-json\/wp\/v2\/product\/3026","targetHints":{"allow":["GET"]}}],"collection":[{"href":"https:\/\/grandpower.eu\/sk\/wp-json\/wp\/v2\/product"}],"about":[{"href":"https:\/\/grandpower.eu\/sk\/wp-json\/wp\/v2\/types\/product"}],"wp:featuredmedia":[{"embeddable":true,"href":"https:\/\/grandpower.eu\/sk\/wp-json\/wp\/v2\/media\/3028"}],"wp:attachment":[{"href":"https:\/\/grandpower.eu\/sk\/wp-json\/wp\/v2\/media?parent=3026"}],"wp:term":[{"taxonomy":"product_brand","embeddable":true,"href":"https:\/\/grandpower.eu\/sk\/wp-json\/wp\/v2\/product_brand?post=3026"},{"taxonomy":"product_cat","embeddable":true,"href":"https:\/\/grandpower.eu\/sk\/wp-json\/wp\/v2\/product_cat?post=3026"},{"taxonomy":"product_tag","embeddable":true,"href":"https:\/\/grandpower.eu\/sk\/wp-json\/wp\/v2\/product_tag?post=3026"}],"curies":[{"name":"wp","href":"https:\/\/api.w.org\/{rel}","templated":true}]}}