{"id":3074,"date":"2020-08-25T14:27:11","date_gmt":"2020-08-25T12:27:11","guid":{"rendered":"https:\/\/grandpower.grandpower.eu\/?post_type=product&#038;p=3074"},"modified":"2025-03-14T12:05:09","modified_gmt":"2025-03-14T11:05:09","slug":"stribog-sr9-a3","status":"publish","type":"product","link":"https:\/\/grandpower.eu\/sk\/products\/product-categories\/stribog-line\/9x19-luger-stribog-line\/stribog-sr9-a3\/","title":{"rendered":"STRIBOG SR9 A3"},"content":{"rendered":"<div class=\"wpb-content-wrapper\">\t\t\t\t<div id=\"wp_mapit_tbP26v9WIw\" class=\"wp_mapit_map\" data-lat=\"0\" data-lng=\"0\" data-zoom=\"0\" data-type=\"grayscale\" data-marker=\"https:\/\/grandpower.grandpower.eu\/wp-content\/plugins\/wp-mapit\/wp_mapit\/images\/map-pin.png\" data-title=\"\" data-content=\"\" data-url=\"\" data-width=\"100\" data-width-type=\"per\" data-height=\"700\" data-height-type=\"px\"><\/div>\n\t\t\t<div class=\"vc_row wpb_row vc_row-fluid\"><div class=\"wpb_column vc_column_container vc_col-sm-12 sc_layouts_column_icons_position_left\"><div class=\"vc_column-inner\"><div class=\"wpb_wrapper\">\n\t<div class=\"wpb_text_column wpb_content_element\" >\n\t\t<div class=\"wpb_wrapper\">\n\t\t\t<p>Karab\u00edna s d\u013a\u017ekou hlavne 10\" a sklopnou pa\u017ebou. Mo\u017enos\u0165 samostatne dok\u00fapi\u0165 adapt\u00e9r na pa\u017eby typu AR. Stribog SP9 A3 pon\u00faka spo\u013eahlivos\u0165 a robustnos\u0165 predch\u00e1dzaj\u00facich verzi\u00ed a navy\u0161e prin\u00e1\u0161a dvojicu z\u00e1sadn\u00fdch vylep\u0161en\u00ed v podobe polouzamknut\u00e9ho z\u00e1veru brzden\u00e9ho pomocou prevodov\u00e9ho val\u010deka a delenej nap\u00ednacej p\u00e1ky, ktor\u00e1 pri stre\u013ebe ost\u00e1va v prednej polohe.<\/p>\n\n\t\t<\/div>\n\t<\/div>\n<div id=\"widget_video_1503650678\" class=\"widget_area sc_widget_video vc_widget_video wpb_content_element  vc_custom_1695026989593\"><aside id=\"widget_video_1503650678_widget\" class=\"widget widget_video\"><div id=\"sc_video_77429681\" class=\"trx_addons_video_player without_cover\"><div class=\"video_embed video_frame\"><iframe loading=\"lazy\" title=\"STRIBOG\" width=\"1170\" height=\"658\" src=\"https:\/\/www.youtube.com\/embed\/TKAPlqfIoQw?feature=oembed\" frameborder=\"0\" allow=\"accelerometer; autoplay; clipboard-write; encrypted-media; gyroscope; picture-in-picture; web-share\" allowfullscreen><\/iframe><\/div><\/div><\/aside><\/div><\/div><\/div><\/div><\/div>\n<\/div>","protected":false},"excerpt":{"rendered":"<h2 class=\"product-name\">STRIBOG SR9 A3<\/h2>\n<ul class=\"trx_addons_list_parameters\">\n<li><strong style=\"color: #b3a168;\">Kaliber:<\/strong><em>9&#215;19 Luger<\/em><\/li>\n<li><strong style=\"color: #b3a168;\">Re\u017eim:<\/strong><em>SA<\/em><\/li>\n<li><strong style=\"color: #b3a168;\">Odpor sp\u00fa\u0161te:<\/strong><em>2,7kg<\/em><\/li>\n<li><strong style=\"color: #b3a168;\">Celkov\u00e1 d\u013a\u017eka:<\/strong><em>761\/475mm<\/em><\/li>\n<li><strong style=\"color: #b3a168;\">V\u00fd\u0161ka bez z\u00e1sobn\u00edka:<\/strong><em>200mm<\/em><\/li>\n<li><strong style=\"color: #b3a168;\">Celkov\u00e1 \u0161\u00edrka:<\/strong><em>57mm<\/em><\/li>\n<li><strong style=\"color: #b3a168;\">D\u013a\u017eka hlavne:<\/strong><em>10&#8243;<\/em><\/li>\n<li><strong style=\"color: #b3a168;\">Hmotnos\u0165 bez z\u00e1sobn\u00edka:<\/strong><em>2,46kg<\/em><\/li>\n<li><strong style=\"color: #b3a168;\">Hmotnos\u0165 so z\u00e1sobn\u00edkom:<\/strong><em>+ 53 \/ + 68 \/ + 91 grams<\/em><\/li>\n<li><strong style=\"color: #b3a168;\">Kapacita \u0161tandardn\u00e9ho z\u00e1sobn\u00edka:<\/strong><em>10\/ 20\/ 30<\/em><\/li>\n<\/ul>\n<ul id=\"omoc\" class=\"trx_addons_list_parameters\">\n<li class=\"omoc\"><strong style=\"color: #b3a168;\">Odpor\u00fa\u010dan\u00e1 MOC<\/strong><em>od 1230 \u20ac<\/em><\/li>\n<\/ul>","protected":false},"featured_media":3465,"template":"","meta":[],"product_brand":[],"product_cat":[59,93,96,94],"product_tag":[],"class_list":{"0":"post-3074","1":"product","2":"type-product","3":"status-publish","4":"has-post-thumbnail","6":"product_cat-stribog-line","7":"product_cat-9x19-luger-stribog-line","8":"product_cat-carabine","9":"product_cat-civilian-stribog-line","10":"product_shipping_class-europe","12":"first","13":"instock","14":"shipping-taxable","15":"product-type-simple"},"_links":{"self":[{"href":"https:\/\/grandpower.eu\/sk\/wp-json\/wp\/v2\/product\/3074","targetHints":{"allow":["GET"]}}],"collection":[{"href":"https:\/\/grandpower.eu\/sk\/wp-json\/wp\/v2\/product"}],"about":[{"href":"https:\/\/grandpower.eu\/sk\/wp-json\/wp\/v2\/types\/product"}],"wp:featuredmedia":[{"embeddable":true,"href":"https:\/\/grandpower.eu\/sk\/wp-json\/wp\/v2\/media\/3465"}],"wp:attachment":[{"href":"https:\/\/grandpower.eu\/sk\/wp-json\/wp\/v2\/media?parent=3074"}],"wp:term":[{"taxonomy":"product_brand","embeddable":true,"href":"https:\/\/grandpower.eu\/sk\/wp-json\/wp\/v2\/product_brand?post=3074"},{"taxonomy":"product_cat","embeddable":true,"href":"https:\/\/grandpower.eu\/sk\/wp-json\/wp\/v2\/product_cat?post=3074"},{"taxonomy":"product_tag","embeddable":true,"href":"https:\/\/grandpower.eu\/sk\/wp-json\/wp\/v2\/product_tag?post=3074"}],"curies":[{"name":"wp","href":"https:\/\/api.w.org\/{rel}","templated":true}]}}