{"id":3651,"date":"2022-10-02T10:57:54","date_gmt":"2022-10-02T08:57:54","guid":{"rendered":"https:\/\/grandpower.eu\/?post_type=product&#038;p=3651"},"modified":"2026-04-13T14:35:07","modified_gmt":"2026-04-13T12:35:07","slug":"gp-r15","status":"publish","type":"product","link":"https:\/\/grandpower.eu\/sk\/products\/product-categories\/r15-freya\/gp-r15\/","title":{"rendered":"GP R15"},"content":{"rendered":"<div class=\"wpb-content-wrapper\">\t\t\t\t<div id=\"wp_mapit_FKvB7wkWPy\" class=\"wp_mapit_map\" data-lat=\"0\" data-lng=\"0\" data-zoom=\"0\" data-type=\"grayscale\" data-marker=\"https:\/\/grandpower.grandpower.eu\/wp-content\/plugins\/wp-mapit\/wp_mapit\/images\/map-pin.png\" data-title=\"\" data-content=\"\" data-url=\"\" data-width=\"100\" data-width-type=\"per\" data-height=\"700\" data-height-type=\"px\"><\/div>\n\t\t\t<div class=\"vc_row wpb_row vc_row-fluid\"><div class=\"wpb_column vc_column_container vc_col-sm-12 sc_layouts_column_icons_position_left\"><div class=\"vc_column-inner\"><div class=\"wpb_wrapper\">\n\t<div class=\"wpb_text_column wpb_content_element\" >\n\t\t<div class=\"wpb_wrapper\">\n\t\t\t<p>GP R15 je modern\u00e1 semi-automatick\u00e1 zbra\u0148 typu AR15. Zbra\u0148 pou\u017e\u00edva komoru .223 Wylde ktor\u00e1 umo\u017e\u0148uje pou\u017e\u00edvanie streliva .223 Remington ako aj 5.56x45 NATO. Pou\u017eit\u00e9 st\u00fapanie v\u00fdvrtu 1:8 je schopn\u00e9 stabilizova\u0165 \u0161irok\u00fa \u0161k\u00e1lu projektilov r\u00f4znych hmotnost\u00ed. Vo\u013ene pl\u00e1vaj\u00faca hlave\u0148 je o\u0161etren\u00e1 QPQ\/nitrid povrchovou \u00fapravou, \u010do zaru\u010duje v\u00fdnimo\u010dn\u00fa presnos\u0165, trv\u00e1cnos\u0165 a odolnos\u0165 vo\u010di kor\u00f3zii. Zbra\u0148 je pon\u00fakan\u00e1 v piatich r\u00f4znych d\u013a\u017ekach hlavne: 11\u201c, 14.5\u201c, 16.5\u201c, 18\u201c, a 20\u201c. \u00fastie je opatren\u00e9 \u0161tandardn\u00fdm z\u00e1vitom 1\/2x28 a zbrane s\u00fa dod\u00e1van\u00e9 s \u00fas\u0165ovou brzdou.<br \/>\nZ\u00e1vorn\u00edk je vyroben\u00fd z ocele 9310 zatia\u013e \u010do nosi\u010d z\u00e1vorn\u00edka je z ocele 8620.<br \/>\nZbrane s\u00fa dostupn\u00e9 v konfigur\u00e1cii so Stonerov\u00fdm syst\u00e9mom vn\u00fatorn\u00e9ho piestu - GP R15, ako aj vo verzii s extern\u00fdm piestom s kr\u00e1tkym zdvihom - GP R15M.<br \/>\nGP R15 s 11\u201c hlav\u0148ou pou\u017e\u00edva syst\u00e9m odberu plynov s d\u013a\u017ekou Carbine zatia\u013e \u010do 14.5 a 16.5\u201c hlavne pou\u017e\u00edvaj\u00fa d\u013a\u017eku Mid-length a 18 a 20\u201c pou\u017e\u00edvaj\u00fa d\u013a\u017eku Rifle. Prednos\u0165ou tejto optimaliz\u00e1cie syst\u00e9mu odberu plynov je zn\u00ed\u017eenie c\u00edten\u00e9ho sp\u00e4tn\u00e9ho r\u00e1zu \u010do m\u00e1 za n\u00e1sledok men\u0161\u00ed zdvih \u00fastia pri ste\u013ebe ako aj zn\u00ed\u017eenie opotrebenia vn\u00fatorn\u00fdch \u010dast\u00ed, \u010do m\u00e1 za n\u00e1sledok dlh\u0161iu \u017eivotnos\u0165 zbrane.<br \/>\nGP R15M pou\u017e\u00edva extern\u00fd piest s kr\u00e1tkym zdvihom s nastavite\u013en\u00fdm blokom odberu plynov, s tromi polohami.<br \/>\nPredpa\u017ebie zbrane GP R15 je opatren\u00e9 plnohodnotnou 1913 Picatinny li\u0161tou na 12 hodine a MLOK sloty na 3, 6, a 9 hodin\u00e1ch. To poskytuje mno\u017estvo mo\u017enost\u00ed pre mont\u00e1\u017e doplnkov a z\u00e1rove\u0148 zni\u017euje hmotnos\u0165.<br \/>\nNaopak, predpa\u017ebie piestovej GP R15M je \u013eahko odn\u00edmate\u013en\u00e9 v\u010faka QD p\u00e1\u010dky. To umo\u017e\u0148uje r\u00fdchly pr\u00edstup k piestov\u00e9mu mechanizmu za \u00fa\u010delom rozborky a \u010distenia. Predpa\u017ebie je dodato\u010dne vybaven\u00e9 Picatinny li\u0161tou na 12 a 6 hodine.<br \/>\nP\u00e1\u010dka poistky a na\u0165ahovacia p\u00e1ka s\u00fa plne obojstrann\u00e9. Rozmery a hmotnos\u0165 s\u00fa uveden\u00e9 pre 11\u201d verziu.<br \/>\n*V\u0161etky obr\u00e1zky s\u00fa ilustra\u010dn\u00e9 a dizajn sa m\u00f4\u017ee zmeni\u0165 bez predch\u00e1dzaj\u00faceho upozornenia.<\/p>\n\n\t\t<\/div>\n\t<\/div>\n<\/div><\/div><\/div><\/div>\n<\/div>","protected":false},"excerpt":{"rendered":"<h2 class=\"product-name\">GP R15<\/h2>\n<ul class=\"trx_addons_list_parameters\">\n<li><strong style=\"color: #b3a168;\">Kaliber:<\/strong><em>.223 Remington<\/em><\/li>\n<li><strong style=\"color: #b3a168;\">Re\u017eim:<\/strong><em>SA<\/em><\/li>\n<li><strong style=\"color: #b3a168;\">Odpor sp\u00fa\u0161te:<\/strong><em>8.5 lbs<\/em><\/li>\n<li><strong style=\"color: #b3a168;\">D\u013a\u017eka hlavne:<\/strong><em>11&#8243; \/ 14.5&#8243; \/ 16.5&#8243; \/ 18&#8243; \/ 20&#8243;<\/em><\/li>\n<li><strong style=\"color: #b3a168;\">Twist rate:<\/strong><em>1:8<\/em><\/li>\n<li><strong style=\"color: #b3a168;\">Celkov\u00e1 d\u013a\u017eka so zlo\u017eenou pa\u017ebou:<\/strong><em>706 mm<\/em><\/li>\n<li><strong style=\"color: #b3a168;\">V\u00fd\u0161ka:<\/strong><em>187 mm<\/em><\/li>\n<li><strong style=\"color: #b3a168;\">Celkov\u00e1 \u0161\u00edrka:<\/strong><em>68,8 mm<\/em><\/li>\n<li><strong style=\"color: #b3a168;\">Hmotnos\u0165 bez z\u00e1sobn\u00edka:<\/strong><em>2800g<\/em><\/li>\n<li><strong style=\"color: #b3a168;\">Kapacita \u0161tandardn\u00e9ho z\u00e1sobn\u00edka:<\/strong><em>10<\/em><\/li>\n<\/ul>\n<ul id=\"omoc\" class=\"trx_addons_list_parameters\">\n<li class=\"omoc\"><strong style=\"color: #b3a168;\">Odpor\u00fa\u010dan\u00e1 MOC<\/strong><em>od 1350 \u20ac<\/em><\/li>\n<\/ul>","protected":false},"featured_media":3652,"template":"","meta":[],"product_brand":[],"product_cat":[103],"product_tag":[],"class_list":{"0":"post-3651","1":"product","2":"type-product","3":"status-publish","4":"has-post-thumbnail","6":"product_cat-r15-freya","7":"product_shipping_class-europe","9":"first","10":"instock","11":"shipping-taxable","12":"product-type-simple"},"_links":{"self":[{"href":"https:\/\/grandpower.eu\/sk\/wp-json\/wp\/v2\/product\/3651","targetHints":{"allow":["GET"]}}],"collection":[{"href":"https:\/\/grandpower.eu\/sk\/wp-json\/wp\/v2\/product"}],"about":[{"href":"https:\/\/grandpower.eu\/sk\/wp-json\/wp\/v2\/types\/product"}],"wp:featuredmedia":[{"embeddable":true,"href":"https:\/\/grandpower.eu\/sk\/wp-json\/wp\/v2\/media\/3652"}],"wp:attachment":[{"href":"https:\/\/grandpower.eu\/sk\/wp-json\/wp\/v2\/media?parent=3651"}],"wp:term":[{"taxonomy":"product_brand","embeddable":true,"href":"https:\/\/grandpower.eu\/sk\/wp-json\/wp\/v2\/product_brand?post=3651"},{"taxonomy":"product_cat","embeddable":true,"href":"https:\/\/grandpower.eu\/sk\/wp-json\/wp\/v2\/product_cat?post=3651"},{"taxonomy":"product_tag","embeddable":true,"href":"https:\/\/grandpower.eu\/sk\/wp-json\/wp\/v2\/product_tag?post=3651"}],"curies":[{"name":"wp","href":"https:\/\/api.w.org\/{rel}","templated":true}]}}