{"id":3657,"date":"2022-10-02T11:07:04","date_gmt":"2022-10-02T09:07:04","guid":{"rendered":"https:\/\/grandpower.eu\/?post_type=product&#038;p=3657"},"modified":"2026-04-13T14:39:05","modified_gmt":"2026-04-13T12:39:05","slug":"gp-r15-freya","status":"publish","type":"product","link":"https:\/\/grandpower.eu\/sk\/products\/product-categories\/r15-freya\/gp-r15-freya\/","title":{"rendered":"GP R15 Freya"},"content":{"rendered":"<div class=\"wpb-content-wrapper\">\t\t\t\t<div id=\"wp_mapit_lcCnxyMbIJ\" class=\"wp_mapit_map\" data-lat=\"0\" data-lng=\"0\" data-zoom=\"0\" data-type=\"grayscale\" data-marker=\"https:\/\/grandpower.grandpower.eu\/wp-content\/plugins\/wp-mapit\/wp_mapit\/images\/map-pin.png\" data-title=\"\" data-content=\"\" data-url=\"\" data-width=\"100\" data-width-type=\"per\" data-height=\"700\" data-height-type=\"px\"><\/div>\n\t\t\t<div class=\"vc_row wpb_row vc_row-fluid\"><div class=\"wpb_column vc_column_container vc_col-sm-12 sc_layouts_column_icons_position_left\"><div class=\"vc_column-inner\"><div class=\"wpb_wrapper\">\n\t<div class=\"wpb_text_column wpb_content_element\" >\n\t\t<div class=\"wpb_wrapper\">\n\t\t\t<p>R15 FREYA je verzia ur\u010den\u00e1 predov\u0161etk\u00fdm na \u0161portov\u00e9 a s\u00fa\u0165a\u017en\u00e9 \u00fa\u010dely ktor\u00e1 pozost\u00e1va z fr\u00e9zovan\u00e9ho puzdra z\u00e1veru a tela, a obsahuje mno\u017estvo od\u013eah\u010dovac\u00edch prvkov.<br \/>\nFREYA tie\u017e prin\u00e1\u0161a obojstrann\u00e9 ovl\u00e1dacie prvky, zv\u00e4\u010d\u0161en\u00fd l\u00fa\u010dik, ako aj vylep\u0161en\u00fd a nastavite\u013en\u00fd sp\u00fa\u0161\u0165ov\u00fd modul, v\u010faka ktor\u00fdm je FREYA pripraven\u00e1 na s\u00fa\u0165a\u017ee.<br \/>\nGP R15 FREYA je k dispoz\u00edcii iba v konfigur\u00e1cii s Direct Impingement, aby sa maximalizovala \u00faspora hmotnosti v s\u00falade s celkovou v\u00e1hou \u013eahkej \u0161portovej pu\u0161ky.<br \/>\n*V\u0161etky obr\u00e1zky s\u00fa len ilustra\u010dn\u00e9 a dizajn sa m\u00f4\u017ee zmeni\u0165 bez predch\u00e1dzaj\u00faceho upozornenia. Rozmery a hmotnos\u0165 platia pre 11\u2033 verziu.<\/p>\n\n\t\t<\/div>\n\t<\/div>\n<\/div><\/div><\/div><\/div>\n<\/div>","protected":false},"excerpt":{"rendered":"<h2 class=\"product-name\">GP R15 Freya<\/h2>\n<ul class=\"trx_addons_list_parameters\">\n<li><strong style=\"color: #b3a168;\">Kaliber:<\/strong><em>.223 Remington<\/em><\/li>\n<li><strong style=\"color: #b3a168;\">Re\u017eim:<\/strong><em>SA<\/em><\/li>\n<li><strong style=\"color: #b3a168;\">Odpor sp\u00fa\u0161te:<\/strong><em>3.5 lbs<\/em><\/li>\n<li><strong style=\"color: #b3a168;\">D\u013a\u017eka hlavne:<\/strong><em>11&#8243; \/ 14.5&#8243; \/ 16.5&#8243; \/ 18&#8243; \/ 20&#8243;<\/em><\/li>\n<li><strong style=\"color: #b3a168;\">Twist rate:<\/strong><em>1:8<\/em><\/li>\n<li><strong style=\"color: #b3a168;\">V\u00fd\u0161ka:<\/strong><em>187 mm<\/em><\/li>\n<li><strong style=\"color: #b3a168;\">Celkov\u00e1 \u0161\u00edrka:<\/strong><em>64,5 mm<\/em><\/li>\n<li><strong style=\"color: #b3a168;\">Hmotnos\u0165 bez z\u00e1sobn\u00edka:<\/strong><em>2610g<\/em><\/li>\n<li><strong style=\"color: #b3a168;\">Kapacita \u0161tandardn\u00e9ho z\u00e1sobn\u00edka:<\/strong><em>10<\/em><\/li>\n<\/ul>\n<ul id=\"omoc\" class=\"trx_addons_list_parameters\">\n<li class=\"omoc\"><strong style=\"color: #b3a168;\">Odpor\u00fa\u010dan\u00e1 MOC<\/strong><em>od 1699 \u20ac<\/em><\/li>\n<\/ul>","protected":false},"featured_media":3658,"template":"","meta":[],"product_brand":[],"product_cat":[103],"product_tag":[],"class_list":{"0":"post-3657","1":"product","2":"type-product","3":"status-publish","4":"has-post-thumbnail","6":"product_cat-r15-freya","7":"product_shipping_class-europe","9":"first","10":"instock","11":"shipping-taxable","12":"product-type-simple"},"_links":{"self":[{"href":"https:\/\/grandpower.eu\/sk\/wp-json\/wp\/v2\/product\/3657","targetHints":{"allow":["GET"]}}],"collection":[{"href":"https:\/\/grandpower.eu\/sk\/wp-json\/wp\/v2\/product"}],"about":[{"href":"https:\/\/grandpower.eu\/sk\/wp-json\/wp\/v2\/types\/product"}],"wp:featuredmedia":[{"embeddable":true,"href":"https:\/\/grandpower.eu\/sk\/wp-json\/wp\/v2\/media\/3658"}],"wp:attachment":[{"href":"https:\/\/grandpower.eu\/sk\/wp-json\/wp\/v2\/media?parent=3657"}],"wp:term":[{"taxonomy":"product_brand","embeddable":true,"href":"https:\/\/grandpower.eu\/sk\/wp-json\/wp\/v2\/product_brand?post=3657"},{"taxonomy":"product_cat","embeddable":true,"href":"https:\/\/grandpower.eu\/sk\/wp-json\/wp\/v2\/product_cat?post=3657"},{"taxonomy":"product_tag","embeddable":true,"href":"https:\/\/grandpower.eu\/sk\/wp-json\/wp\/v2\/product_tag?post=3657"}],"curies":[{"name":"wp","href":"https:\/\/api.w.org\/{rel}","templated":true}]}}