{"id":3880,"date":"2023-09-18T13:42:23","date_gmt":"2023-09-18T11:42:23","guid":{"rendered":"https:\/\/grandpower.eu\/?post_type=product&#038;p=3880"},"modified":"2023-09-22T14:46:42","modified_gmt":"2023-09-22T12:46:42","slug":"gp22","status":"publish","type":"product","link":"https:\/\/grandpower.eu\/sk\/products\/product-categories\/suppressors\/gp22\/","title":{"rendered":"GP22"},"content":{"rendered":"<div class=\"wpb-content-wrapper\">\t\t\t\t<div id=\"wp_mapit_YOa1PlNnfQ\" class=\"wp_mapit_map\" data-lat=\"0\" data-lng=\"0\" data-zoom=\"0\" data-type=\"grayscale\" data-marker=\"https:\/\/grandpower.grandpower.eu\/wp-content\/plugins\/wp-mapit\/wp_mapit\/images\/map-pin.png\" data-title=\"\" data-content=\"\" data-url=\"\" data-width=\"100\" data-width-type=\"per\" data-height=\"700\" data-height-type=\"px\"><\/div>\n\t\t\t<div class=\"vc_row wpb_row vc_row-fluid\"><div class=\"wpb_column vc_column_container vc_col-sm-12 sc_layouts_column_icons_position_left\"><div class=\"vc_column-inner\"><div class=\"wpb_wrapper\">\n\t<div class=\"wpb_text_column wpb_content_element\" >\n\t\t<div class=\"wpb_wrapper\">\n\t\t\t<p>Tlmi\u010d GP22 ur\u010den\u00fd pre zbrane s okrajov\u00fdm z\u00e1palom pou\u017e\u00edva jednoliatu, rozoberate\u013en\u00fa kon\u0161trukciu ktor\u00e1 znamen\u00e1, \u017ee tlmi\u010d je plne servisovate\u013en\u00fd. Tlmi\u010d je vyroben\u00fd z eloxovan\u00e9ho hlin\u00edku a koncovky s\u00fa oce\u013eov\u00e9. Tlmi\u010d GP22 je dostupn\u00fd na r\u00f4zne z\u00e1vity \u2013 1\/2x28, 1\/2x20, M12x1.5.<\/p>\n\n\t\t<\/div>\n\t<\/div>\n<\/div><\/div><\/div><\/div>\n<\/div>","protected":false},"excerpt":{"rendered":"<h2 class=\"product-name\">GP22<\/h2>\n<ul class=\"trx_addons_list_parameters\">\n<li><strong style=\"color: #b3a168;\">Kaliber:<\/strong><em>.22lr, .22 short<\/em><\/li>\n<li><strong style=\"color: #b3a168;\">Priemer<\/strong><em>28mm<\/em><\/li>\n<li><strong style=\"color: #b3a168;\">Celkov\u00e1 d\u013a\u017eka:<\/strong><em>191mm<\/em><\/li>\n<li><strong style=\"color: #b3a168;\">Dostupn\u00fd z\u00e1vit:<\/strong><em>1\/2&#215;28, 1\/2&#215;20<\/em><\/li>\n<\/ul>","protected":false},"featured_media":3881,"template":"","meta":[],"product_brand":[],"product_cat":[109],"product_tag":[],"class_list":{"0":"post-3880","1":"product","2":"type-product","3":"status-publish","4":"has-post-thumbnail","6":"product_cat-suppressors","7":"product_shipping_class-europe","9":"first","10":"instock","11":"shipping-taxable","12":"product-type-simple"},"_links":{"self":[{"href":"https:\/\/grandpower.eu\/sk\/wp-json\/wp\/v2\/product\/3880","targetHints":{"allow":["GET"]}}],"collection":[{"href":"https:\/\/grandpower.eu\/sk\/wp-json\/wp\/v2\/product"}],"about":[{"href":"https:\/\/grandpower.eu\/sk\/wp-json\/wp\/v2\/types\/product"}],"wp:featuredmedia":[{"embeddable":true,"href":"https:\/\/grandpower.eu\/sk\/wp-json\/wp\/v2\/media\/3881"}],"wp:attachment":[{"href":"https:\/\/grandpower.eu\/sk\/wp-json\/wp\/v2\/media?parent=3880"}],"wp:term":[{"taxonomy":"product_brand","embeddable":true,"href":"https:\/\/grandpower.eu\/sk\/wp-json\/wp\/v2\/product_brand?post=3880"},{"taxonomy":"product_cat","embeddable":true,"href":"https:\/\/grandpower.eu\/sk\/wp-json\/wp\/v2\/product_cat?post=3880"},{"taxonomy":"product_tag","embeddable":true,"href":"https:\/\/grandpower.eu\/sk\/wp-json\/wp\/v2\/product_tag?post=3880"}],"curies":[{"name":"wp","href":"https:\/\/api.w.org\/{rel}","templated":true}]}}