{"id":3964,"date":"2024-02-07T13:52:37","date_gmt":"2024-02-07T12:52:37","guid":{"rendered":"https:\/\/grandpower.eu\/?post_type=product&#038;p=3964"},"modified":"2025-02-20T12:10:17","modified_gmt":"2025-02-20T11:10:17","slug":"p24","status":"publish","type":"product","link":"https:\/\/grandpower.eu\/sk\/products\/product-categories\/pistols\/9x19-luger\/p24\/","title":{"rendered":"P24"},"content":{"rendered":"<div class=\"wpb-content-wrapper\">\t\t\t\t<div id=\"wp_mapit_L4iFo1SzmB\" class=\"wp_mapit_map\" data-lat=\"0\" data-lng=\"0\" data-zoom=\"0\" data-type=\"grayscale\" data-marker=\"https:\/\/grandpower.grandpower.eu\/wp-content\/plugins\/wp-mapit\/wp_mapit\/images\/map-pin.png\" data-title=\"\" data-content=\"\" data-url=\"\" data-width=\"100\" data-width-type=\"per\" data-height=\"700\" data-height-type=\"px\"><\/div>\n\t\t\t<div class=\"vc_row wpb_row vc_row-fluid\"><div class=\"wpb_column vc_column_container vc_col-sm-12 sc_layouts_column_icons_position_left\"><div class=\"vc_column-inner\"><div class=\"wpb_wrapper\">\n\t<div class=\"wpb_text_column wpb_content_element\" >\n\t\t<div class=\"wpb_wrapper\">\n\t\t\t<p>P24 je \u00faplne nov\u00e1 pi\u0161to\u013e navrhnut\u00e1 a vyroben\u00e1 spolo\u010dnos\u0165ou GRAND POWER, spolo\u010dnos\u0165ou na v\u00fdrobu streln\u00fdch zbran\u00ed s viac ako dvadsa\u0165ro\u010dn\u00fdmi sk\u00fasenos\u0165ami. T\u00e1to pi\u0161to\u013e v slu\u017eobnom \u0161t\u00fdle sa m\u00f4\u017ee pochv\u00e1li\u0165 extr\u00e9mne tenk\u00fdm profilom pre pi\u0161to\u013e s dvojit\u00fdm z\u00e1sobn\u00edkom v \u0161t\u00fdle Glock*, v\u010faka \u010domu sa pohodlne nos\u00ed a \u013eahko sa schov\u00e1va. Osved\u010den\u00fd syst\u00e9m \u00fadern\u00edkov u\u013eah\u010duje pou\u017e\u00edvanie zbrane, s podobn\u00fdm dizajnom ru\u010dn\u00fdch zbran\u00ed, v\u010faka \u010domu si na P24 \u013eahko zvyknete, ak prech\u00e1dzate z in\u00fdch pi\u0161tol\u00ed. P24 funguje prostredn\u00edctvom syst\u00e9mu Browning-less uzamykacieho syst\u00e9mu s uzamykan\u00edm hlavne do vyhadzovacieho portu. Pre pohodlie pou\u017e\u00edvate\u013ea s\u00fa na pi\u0161toli plne obojru\u010dn\u00e9 ovl\u00e1dacie prvky, ergonomick\u00e1 rukov\u00e4\u0165 s prirodzen\u00fdm uhlom pon\u00faka tri vymenite\u013en\u00e9 chrbty, ktor\u00e9 sa prisp\u00f4sobia ka\u017edej ruke. Medzi bezpe\u010dnostn\u00e9 prvky patr\u00ed indik\u00e1tor nabitej komory, ako aj indik\u00e1tor \u00fadern\u00edka, ktor\u00fd je hmatov\u00fd aj vizu\u00e1lny. Zabudovan\u00e1 je aj poistka sp\u00fa\u0161te, ako aj blokovanie \u00fadern\u00edka (bezpe\u010dnos\u0165 proti p\u00e1du). Pre pou\u017e\u00edvate\u013eov, ktor\u00ed uprednost\u0148uj\u00fa kolim\u00e1tory, je  mo\u017en\u00e9 namontova\u0165 kolim\u00e1tor, pri\u010dom mont\u00e1\u017ene z\u00e1kladne pre v\u00e4\u010d\u0161inu be\u017en\u00fdch vzorov s\u00fa s\u00fa\u010das\u0165ou balenia. P24 m\u00e1 ostr\u00fa sp\u00fa\u0161\u0165, \u010do pod\u010diarkuje presnos\u0165 tejto pi\u0161tole, spolu s extr\u00e9mne presnou hlav\u0148ou od GRAND POWER.<\/p>\n\n\t\t<\/div>\n\t<\/div>\n<\/div><\/div><\/div><\/div>\n<\/div>","protected":false},"excerpt":{"rendered":"<h2 class=\"product-name\">P24<\/h2>\n<ul class=\"trx_addons_list_parameters\">\n<li><strong style=\"color: #b3a168;\">Kaliber:<\/strong><em>9&#215;19<\/em><\/li>\n<li><strong style=\"color: #b3a168;\">Celkov\u00e1 \u0161\u00edrka:<\/strong><em>30,6 mm<\/em><\/li>\n<li><strong style=\"color: #b3a168;\">D\u013a\u017eka:<\/strong><em>183,5 mm<\/em><\/li>\n<li><strong style=\"color: #b3a168;\">D\u013a\u017eka hlavne:<\/strong><em>93,1 mm<\/em><\/li>\n<li><strong style=\"color: #b3a168;\">V\u00fd\u0161ka:<\/strong><em>130,6 mm<\/em><\/li>\n<li><strong style=\"color: #b3a168;\">Hmotnos\u0165 bez z\u00e1sobn\u00edka:<\/strong><em>480 g<\/em><\/li>\n<li><strong style=\"color: #b3a168;\">Hmotnos\u0165 s pr\u00e1zdnym z\u00e1sobn\u00edkom:<\/strong><em>560 g<\/em><\/li>\n<li><strong style=\"color: #b3a168;\">Kapacita \u0161tandardn\u00e9ho z\u00e1sobn\u00edka:<\/strong><em>17+1<\/em><\/li>\n<\/ul>","protected":false},"featured_media":4261,"template":"","meta":[],"product_brand":[],"product_cat":[57,73,75,91],"product_tag":[],"class_list":{"0":"post-3964","1":"product","2":"type-product","3":"status-publish","4":"has-post-thumbnail","6":"product_cat-pistols","7":"product_cat-9x19-luger","8":"product_cat-civilian","9":"product_cat-sport","10":"product_shipping_class-europe","12":"first","13":"instock","14":"shipping-taxable","15":"product-type-simple"},"_links":{"self":[{"href":"https:\/\/grandpower.eu\/sk\/wp-json\/wp\/v2\/product\/3964","targetHints":{"allow":["GET"]}}],"collection":[{"href":"https:\/\/grandpower.eu\/sk\/wp-json\/wp\/v2\/product"}],"about":[{"href":"https:\/\/grandpower.eu\/sk\/wp-json\/wp\/v2\/types\/product"}],"wp:featuredmedia":[{"embeddable":true,"href":"https:\/\/grandpower.eu\/sk\/wp-json\/wp\/v2\/media\/4261"}],"wp:attachment":[{"href":"https:\/\/grandpower.eu\/sk\/wp-json\/wp\/v2\/media?parent=3964"}],"wp:term":[{"taxonomy":"product_brand","embeddable":true,"href":"https:\/\/grandpower.eu\/sk\/wp-json\/wp\/v2\/product_brand?post=3964"},{"taxonomy":"product_cat","embeddable":true,"href":"https:\/\/grandpower.eu\/sk\/wp-json\/wp\/v2\/product_cat?post=3964"},{"taxonomy":"product_tag","embeddable":true,"href":"https:\/\/grandpower.eu\/sk\/wp-json\/wp\/v2\/product_tag?post=3964"}],"curies":[{"name":"wp","href":"https:\/\/api.w.org\/{rel}","templated":true}]}}