{"id":3995,"date":"2024-02-26T10:10:08","date_gmt":"2024-02-26T09:10:08","guid":{"rendered":"https:\/\/grandpower.eu\/?post_type=product&#038;p=3995"},"modified":"2026-04-13T14:42:14","modified_gmt":"2026-04-13T12:42:14","slug":"araq-s","status":"publish","type":"product","link":"https:\/\/grandpower.eu\/sk\/products\/product-categories\/araq\/araq-s\/","title":{"rendered":"ARAQ-S"},"content":{"rendered":"<div class=\"wpb-content-wrapper\">\t\t\t\t<div id=\"wp_mapit_pSnLOtwl0D\" class=\"wp_mapit_map\" data-lat=\"0\" data-lng=\"0\" data-zoom=\"0\" data-type=\"grayscale\" data-marker=\"https:\/\/grandpower.grandpower.eu\/wp-content\/plugins\/wp-mapit\/wp_mapit\/images\/map-pin.png\" data-title=\"\" data-content=\"\" data-url=\"\" data-width=\"100\" data-width-type=\"per\" data-height=\"700\" data-height-type=\"px\"><\/div>\n\t\t\t<div class=\"vc_row wpb_row vc_row-fluid\"><div class=\"wpb_column vc_column_container vc_col-sm-12 sc_layouts_column_icons_position_left\"><div class=\"vc_column-inner\"><div class=\"wpb_wrapper\">\n\t<div class=\"wpb_text_column wpb_content_element\" >\n\t\t<div class=\"wpb_wrapper\">\n\t\t\t<p>GP ARAQ-S je samonab\u00edjacia zbra\u0148 vyu\u017e\u00edvaj\u00faca piest s kr\u00e1tkym zdvihom ktor\u00e1 je komorovan\u00e1 v celosvetovo popul\u00e1rnom kalibri 7.62x39, ktor\u00e1 kombinuje v\u00fdhody a modularitu platformy AR15\/M4 spolu s v\u00fdkonn\u00fdm n\u00e1bojom zbrane AK47.<\/p>\n<p>Dizajnovo odvoden\u00e1 od zbran\u00ed typu AR15\/M4, t\u00e1to zbra\u0148 pon\u00faka vysok\u00fa mieru modularity a mo\u017enos\u0165 mont\u00e1\u017ee \u0161irokej \u0161k\u00e1ly pr\u00edslu\u0161enstva. Robustn\u00fd a spo\u013eahliv\u00fd dizajn vyroben\u00fd z najkvalitnej\u0161\u00edch materi\u00e1lov za pou\u017eitia najmodernej\u0161\u00edch technol\u00f3gii a v\u00fdrobn\u00fdch procesov. Popul\u00e1rne klasick\u00e9 prvky s\u00fa doplnen\u00e9 modern\u00fdmi ako je vo\u013ene pl\u00e1vaj\u00face predpa\u017ebie vybaven\u00e9 M-LOK slotmi a Picatinny li\u0161tami na mont\u00e1\u017e pr\u00edslu\u0161enstva. Predpa\u017ebie je odn\u00edmate\u013en\u00e9 bez nutnosti pou\u017eitia n\u00e1radia. Pi\u0161to\u013eov\u00e1 rukov\u00e4\u0165 vlastnej v\u00fdroby pon\u00faka komfortn\u00fd a bezpe\u010dn\u00fd \u00fachop v ak\u00fdchko\u013evek podmienkach. Z\u00e1suvn\u00e1 pa\u017eba je d\u013a\u017ekovo nastavite\u013en\u00e1.<\/p>\n<p>GP ARAQ-S je zbra\u0148 je kompatibiln\u00e1 so \u0161tandardn\u00fdmi AK47\/AKM z\u00e1sobn\u00edkmi a je vybaven\u00e1 odr\u00e1\u017ea\u010dom n\u00e1bojn\u00edc ako aj dor\u00e1\u017ea\u010dom z\u00e1veru. Verzia s obojstrann\u00fdmi ovl\u00e1dac\u00edmi prvkami je dostupn\u00e1 na objedn\u00e1vku.<\/p>\n<p>\u010eal\u0161ie doplnky ako s\u00fa tlmi\u010de alebo \u00fas\u0165ov\u00e9 brzdy s\u00fa dostupn\u00e9 na vy\u017eiadanie. V\u0161etky \u0161pecifik\u00e1cie s\u00fa pribli\u017en\u00e9 a m\u00f4\u017eu sa zmeni\u0165, ak nie s\u00fa \u0161pecifikovan\u00e9 v kontrakte alebo objedn\u00e1vke.<\/p>\n<p>* Upozor\u0148ujeme, \u017ee fotografie s\u00fa len ilustra\u010dn\u00e9, skuto\u010dn\u00e9 pr\u00edslu\u0161enstvo sa m\u00f4\u017ee l\u00ed\u0161i\u0165 v z\u00e1vislosti od objedn\u00e1vky!<\/p>\n\n\t\t<\/div>\n\t<\/div>\n<\/div><\/div><\/div><\/div>\n<\/div>","protected":false},"excerpt":{"rendered":"<h2 class=\"product-name\">ARAQ-S<\/h2>\n<ul class=\"trx_addons_list_parameters\">\n<li><strong style=\"color: #b3a168;\">Kaliber:<\/strong><em>7.62&#215;39<\/em><\/li>\n<li><strong style=\"color: #b3a168;\">Celkov\u00e1 d\u013a\u017eka:<\/strong><em>1000\/900mm<\/em><\/li>\n<li><strong style=\"color: #b3a168;\">D\u013a\u017eka hlavne:<\/strong><em>16,5&#8243;, 11&#8243;<\/em><\/li>\n<li><strong style=\"color: #b3a168;\">V\u00fd\u0161ka bez z\u00e1sobn\u00edka:<\/strong><em>194mm<\/em><\/li>\n<li><strong style=\"color: #b3a168;\">\u0160\u00edrka bez nab\u00edjacej rukov\u00e4te<\/strong><em>78mm<\/em><\/li>\n<li><strong style=\"color: #b3a168;\">Hmotnos\u0165 bez z\u00e1sobn\u00edka:<\/strong><em>3425g<\/em><\/li>\n<\/ul>\n<ul id=\"omoc\" class=\"trx_addons_list_parameters\">\n<li class=\"omoc\"><strong style=\"color: #b3a168;\">Odpor\u00fa\u010dan\u00e1 MOC<\/strong><em>od 1699 \u20ac<\/em><\/li>\n<\/ul>","protected":false},"featured_media":4090,"template":"","meta":[],"product_brand":[],"product_cat":[111],"product_tag":[],"class_list":{"0":"post-3995","1":"product","2":"type-product","3":"status-publish","4":"has-post-thumbnail","6":"product_cat-araq","7":"product_shipping_class-europe","9":"first","10":"instock","11":"shipping-taxable","12":"product-type-simple"},"_links":{"self":[{"href":"https:\/\/grandpower.eu\/sk\/wp-json\/wp\/v2\/product\/3995","targetHints":{"allow":["GET"]}}],"collection":[{"href":"https:\/\/grandpower.eu\/sk\/wp-json\/wp\/v2\/product"}],"about":[{"href":"https:\/\/grandpower.eu\/sk\/wp-json\/wp\/v2\/types\/product"}],"wp:featuredmedia":[{"embeddable":true,"href":"https:\/\/grandpower.eu\/sk\/wp-json\/wp\/v2\/media\/4090"}],"wp:attachment":[{"href":"https:\/\/grandpower.eu\/sk\/wp-json\/wp\/v2\/media?parent=3995"}],"wp:term":[{"taxonomy":"product_brand","embeddable":true,"href":"https:\/\/grandpower.eu\/sk\/wp-json\/wp\/v2\/product_brand?post=3995"},{"taxonomy":"product_cat","embeddable":true,"href":"https:\/\/grandpower.eu\/sk\/wp-json\/wp\/v2\/product_cat?post=3995"},{"taxonomy":"product_tag","embeddable":true,"href":"https:\/\/grandpower.eu\/sk\/wp-json\/wp\/v2\/product_tag?post=3995"}],"curies":[{"name":"wp","href":"https:\/\/api.w.org\/{rel}","templated":true}]}}