{"id":4081,"date":"2024-07-04T13:59:42","date_gmt":"2024-07-04T11:59:42","guid":{"rendered":"https:\/\/grandpower.eu\/?post_type=product&#038;p=4081"},"modified":"2026-04-13T14:43:53","modified_gmt":"2026-04-13T12:43:53","slug":"gp-r308","status":"publish","type":"product","link":"https:\/\/grandpower.eu\/sk\/products\/product-categories\/r15-freya\/gp-r308\/","title":{"rendered":"GP R308"},"content":{"rendered":"<div class=\"wpb-content-wrapper\"><div class=\"vc_row wpb_row vc_row-fluid\"><div class=\"wpb_column vc_column_container vc_col-sm-12 sc_layouts_column_icons_position_left\"><div class=\"vc_column-inner\"><div class=\"wpb_wrapper\">\n\t<div class=\"wpb_text_column wpb_content_element\" >\n\t\t<div class=\"wpb_wrapper\">\n\t\t\t<p>GP R308 je dlh\u00e1 gu\u013eov\u00e1 zbra\u0148 v kalibri .308 (7,62x51 NATO) funguj\u00faca na princ\u00edpe piestu s kr\u00e1tkym chodom, dizajnovo odvoden\u00e1 od popul\u00e1rnej a rokmi preverenej platformy AR10, s ktorou zdie\u013ea kompatibilitu s mno\u017estvom dielov a pr\u00edslu\u0161enstva.<\/p>\n<p>Zbra\u0148 disponuje mno\u017estvom mo\u017enost\u00ed na uchytenie doplnkov a pr\u00edslu\u0161enstva, \u010do umo\u017e\u0148uje prisp\u00f4sobenie zbrane potreb\u00e1m a preferencii strelca, napr\u00edklad prostredn\u00edctvom M-LOK slotov \u010di l\u00ed\u0161t picatinny. Vo\u013ene pl\u00e1vaj\u00face predpa\u017ebie je mo\u017en\u00e9 r\u00fdchlo zlo\u017ei\u0165, a to i bez pou\u017eitia \u0161peci\u00e1lneho n\u00e1radia. Zbra\u0148 je vybaven\u00e1 rukov\u00e4\u0165ou GP s unik\u00e1tnou text\u00farou a ergonomick\u00fdm tvarom. Napriek pou\u017eitiu v\u00fdkonn\u00e9ho kalibra je zbra\u0148 ve\u013emi dobre ovl\u00e1date\u013en\u00e1 a jej ovl\u00e1dacie prvky s\u00fa ve\u013emi podobn\u00e9 platforme AR15, \u010do skracuje \u010das potrebn\u00fd na tr\u00e9ning manipul\u00e1cie na minimum.<\/p>\n<p>K dispoz\u00edcii \u0161irok\u00e1 \u0161k\u00e1la pr\u00edslu\u0161enstva.<\/p>\n\n\t\t<\/div>\n\t<\/div>\n<\/div><\/div><\/div><\/div>\n<\/div>","protected":false},"excerpt":{"rendered":"<h2 class=\"product-name\">GP R308<\/h2>\n<ul class=\"trx_addons_list_parameters\">\n<li><strong style=\"color: #b3a168;\">Kaliber:<\/strong><em>.308 (7.62&#215;51 NATO)<\/em><\/li>\n<li><strong style=\"color: #b3a168;\">D\u013a\u017eka hlavne:<\/strong><em>20&#8243;<\/em><\/li>\n<li><strong style=\"color: #b3a168;\">Celkov\u00e1 d\u013a\u017eka:<\/strong><em>983\/1083 mm<\/em><\/li>\n<li><strong style=\"color: #b3a168;\">V\u00fd\u0161ka bez z\u00e1sobn\u00edka:<\/strong><em>195 mm<\/em><\/li>\n<li><strong style=\"color: #b3a168;\">\u0160\u00edrka bez nab\u00edjacej rukov\u00e4te<\/strong><em>46,6 mm<\/em><\/li>\n<li><strong style=\"color: #b3a168;\">Hmotnos\u0165 bez z\u00e1sobn\u00edka:<\/strong><em>3600 g<\/em><\/li>\n<\/ul>\n<ul id=\"omoc\" class=\"trx_addons_list_parameters\">\n<li class=\"omoc\"><strong style=\"color: #b3a168;\">Odpor\u00fa\u010dan\u00e1 MOC<\/strong><em>od 1999 \u20ac<\/em><\/li>\n<\/ul>","protected":false},"featured_media":5660,"template":"","meta":[],"product_brand":[],"product_cat":[103],"product_tag":[],"class_list":{"0":"post-4081","1":"product","2":"type-product","3":"status-publish","4":"has-post-thumbnail","6":"product_cat-r15-freya","7":"product_shipping_class-europe","9":"first","10":"instock","11":"shipping-taxable","12":"product-type-simple"},"_links":{"self":[{"href":"https:\/\/grandpower.eu\/sk\/wp-json\/wp\/v2\/product\/4081","targetHints":{"allow":["GET"]}}],"collection":[{"href":"https:\/\/grandpower.eu\/sk\/wp-json\/wp\/v2\/product"}],"about":[{"href":"https:\/\/grandpower.eu\/sk\/wp-json\/wp\/v2\/types\/product"}],"wp:featuredmedia":[{"embeddable":true,"href":"https:\/\/grandpower.eu\/sk\/wp-json\/wp\/v2\/media\/5660"}],"wp:attachment":[{"href":"https:\/\/grandpower.eu\/sk\/wp-json\/wp\/v2\/media?parent=4081"}],"wp:term":[{"taxonomy":"product_brand","embeddable":true,"href":"https:\/\/grandpower.eu\/sk\/wp-json\/wp\/v2\/product_brand?post=4081"},{"taxonomy":"product_cat","embeddable":true,"href":"https:\/\/grandpower.eu\/sk\/wp-json\/wp\/v2\/product_cat?post=4081"},{"taxonomy":"product_tag","embeddable":true,"href":"https:\/\/grandpower.eu\/sk\/wp-json\/wp\/v2\/product_tag?post=4081"}],"curies":[{"name":"wp","href":"https:\/\/api.w.org\/{rel}","templated":true}]}}