{"id":4100,"date":"2024-10-14T10:08:03","date_gmt":"2024-10-14T08:08:03","guid":{"rendered":"https:\/\/grandpower.eu\/?post_type=product&#038;p=4100"},"modified":"2024-10-14T10:23:31","modified_gmt":"2024-10-14T08:23:31","slug":"stribog-sp380","status":"publish","type":"product","link":"https:\/\/grandpower.eu\/sk\/products\/product-categories\/stribog-line\/civilian-stribog-line\/stribog-sp380\/","title":{"rendered":"STRIBOG SP380"},"content":{"rendered":"<div class=\"wpb-content-wrapper\">\t\t\t\t<div id=\"wp_mapit_Th5UAeVFyw\" class=\"wp_mapit_map\" data-lat=\"0\" data-lng=\"0\" data-zoom=\"0\" data-type=\"grayscale\" data-marker=\"https:\/\/grandpower.grandpower.eu\/wp-content\/plugins\/wp-mapit\/wp_mapit\/images\/map-pin.png\" data-title=\"\" data-content=\"\" data-url=\"\" data-width=\"100\" data-width-type=\"per\" data-height=\"700\" data-height-type=\"px\"><\/div>\n\t\t\t<div class=\"vc_row wpb_row vc_row-fluid\"><div class=\"wpb_column vc_column_container vc_col-sm-12 sc_layouts_column_icons_position_left\"><div class=\"vc_column-inner\"><div class=\"wpb_wrapper\">\n\t<div class=\"wpb_text_column wpb_content_element\" >\n\t\t<div class=\"wpb_wrapper\">\n\t\t\t<p>STRIBOG je teraz dostupn\u00fd i v kalibri .380 ACP \/ 9mm Browning a je ur\u010den\u00fd pre t\u00fdch, ktor\u00ed chc\u00fa STRIBOG s e\u0161te men\u0161\u00edm sp\u00e4tn\u00fdm r\u00e1zom, alebo pre krajiny, kde je pou\u017eitie kalibru 9x19 obmedzen\u00e9. SP380 pon\u00faka rovnak\u00e9 prvky ako ostatn\u00e9 modely z radu STRIBOG a rovnako je plne kompatibiln\u00fd s doplnkami pre zbrane STRIBOG.<\/p>\n\n\t\t<\/div>\n\t<\/div>\n<div id=\"widget_video_1155942582\" class=\"widget_area sc_widget_video vc_widget_video wpb_content_element  vc_custom_1695026939129\"><aside id=\"widget_video_1155942582_widget\" class=\"widget widget_video\"><div id=\"sc_video_1490899116\" class=\"trx_addons_video_player without_cover\"><div class=\"video_embed video_frame\"><iframe loading=\"lazy\" title=\"STRIBOG\" width=\"1170\" height=\"658\" src=\"https:\/\/www.youtube.com\/embed\/TKAPlqfIoQw?feature=oembed\" frameborder=\"0\" allow=\"accelerometer; autoplay; clipboard-write; encrypted-media; gyroscope; picture-in-picture; web-share\" allowfullscreen><\/iframe><\/div><\/div><\/aside><\/div><\/div><\/div><\/div><\/div>\n<\/div>","protected":false},"excerpt":{"rendered":"<h2 class=\"product-name\">STRIBOG SP380<\/h2>\n<ul class=\"trx_addons_list_parameters\">\n<li><strong style=\"color: #b3a168;\">Kaliber:<\/strong><em>.380 ACP<\/em><\/li>\n<li><strong style=\"color: #b3a168;\">Re\u017eim:<\/strong><em>SA<\/em><\/li>\n<li><strong style=\"color: #b3a168;\">Odpor sp\u00fa\u0161te:<\/strong><em>2,7kg<\/em><\/li>\n<li><strong style=\"color: #b3a168;\">Celkov\u00e1 d\u013a\u017eka:<\/strong><em>424mm<\/em><\/li>\n<li><strong style=\"color: #b3a168;\">V\u00fd\u0161ka bez z\u00e1sobn\u00edka:<\/strong><em>200mm<\/em><\/li>\n<li><strong style=\"color: #b3a168;\">Celkov\u00e1 \u0161\u00edrka:<\/strong><em>57mm<\/em><\/li>\n<li><strong style=\"color: #b3a168;\">D\u013a\u017eka hlavne:<\/strong><em>8&#8243;<\/em><\/li>\n<li><strong style=\"color: #b3a168;\">Hmotnos\u0165 bez z\u00e1sobn\u00edka:<\/strong><em>2400 g<\/em><\/li>\n<li><strong style=\"color: #b3a168;\">Hmotnos\u0165 so z\u00e1sobn\u00edkom:<\/strong><em>+ 53 \/ + 68 \/ + 91 grams<\/em><\/li>\n<li><strong style=\"color: #b3a168;\">Kapacita \u0161tandardn\u00e9ho z\u00e1sobn\u00edka:<\/strong><em>10\/ 20\/ 30<\/em><\/li>\n<\/ul>","protected":false},"featured_media":4101,"template":"","meta":[],"product_brand":[],"product_cat":[113,59,94],"product_tag":[],"class_list":{"0":"post-4100","1":"product","2":"type-product","3":"status-publish","4":"has-post-thumbnail","6":"product_cat-380-acp-stribog-line","7":"product_cat-stribog-line","8":"product_cat-civilian-stribog-line","9":"product_shipping_class-europe","11":"first","12":"instock","13":"shipping-taxable","14":"product-type-simple"},"_links":{"self":[{"href":"https:\/\/grandpower.eu\/sk\/wp-json\/wp\/v2\/product\/4100","targetHints":{"allow":["GET"]}}],"collection":[{"href":"https:\/\/grandpower.eu\/sk\/wp-json\/wp\/v2\/product"}],"about":[{"href":"https:\/\/grandpower.eu\/sk\/wp-json\/wp\/v2\/types\/product"}],"wp:featuredmedia":[{"embeddable":true,"href":"https:\/\/grandpower.eu\/sk\/wp-json\/wp\/v2\/media\/4101"}],"wp:attachment":[{"href":"https:\/\/grandpower.eu\/sk\/wp-json\/wp\/v2\/media?parent=4100"}],"wp:term":[{"taxonomy":"product_brand","embeddable":true,"href":"https:\/\/grandpower.eu\/sk\/wp-json\/wp\/v2\/product_brand?post=4100"},{"taxonomy":"product_cat","embeddable":true,"href":"https:\/\/grandpower.eu\/sk\/wp-json\/wp\/v2\/product_cat?post=4100"},{"taxonomy":"product_tag","embeddable":true,"href":"https:\/\/grandpower.eu\/sk\/wp-json\/wp\/v2\/product_tag?post=4100"}],"curies":[{"name":"wp","href":"https:\/\/api.w.org\/{rel}","templated":true}]}}