{"id":4741,"date":"2025-06-30T10:41:33","date_gmt":"2025-06-30T08:41:33","guid":{"rendered":"https:\/\/grandpower.eu\/?post_type=product&#038;p=4741"},"modified":"2026-04-13T14:36:24","modified_gmt":"2026-04-13T12:36:24","slug":"gp-r15-300-blk","status":"publish","type":"product","link":"https:\/\/grandpower.eu\/sk\/products\/product-categories\/r15-freya\/gp-r15-300-blk\/","title":{"rendered":"GP R15 .300 BLK"},"content":{"rendered":"<div class=\"wpb-content-wrapper\">\t\t\t\t<div id=\"wp_mapit_SdNRFPlxZt\" class=\"wp_mapit_map\" data-lat=\"0\" data-lng=\"0\" data-zoom=\"0\" data-type=\"grayscale\" data-marker=\"https:\/\/grandpower.grandpower.eu\/wp-content\/plugins\/wp-mapit\/wp_mapit\/images\/map-pin.png\" data-title=\"\" data-content=\"\" data-url=\"\" data-width=\"100\" data-width-type=\"per\" data-height=\"700\" data-height-type=\"px\"><\/div>\n\t\t\t<div class=\"vc_row wpb_row vc_row-fluid\"><div class=\"wpb_column vc_column_container vc_col-sm-12 sc_layouts_column_icons_position_left\"><div class=\"vc_column-inner\"><div class=\"wpb_wrapper\">\n\t<div class=\"wpb_text_column wpb_content_element\" >\n\t\t<div class=\"wpb_wrapper\">\n\t\t\t<p>The GP R15 .300 BLK is a modern semi-automatic, AR-15 type rifle chambered in modern and popular .300 AAC Blackout caliber. The free-float barrel is nitrided for exceptional accuracy, durability, and corrosion resistance. The rifle is offered in compact 11\u201c barrel length, optionally 14,5\u201c version is also available. The rifles come with M4 feed ramps for more reliable feeding. The muzzle of the rifles feature a standard 1\/2\u00d728 thread pitch and the rifles come equipped with a muzzle brake.<br \/>\nZ\u00e1vorn\u00edk je vyroben\u00fd z ocele 9310 zatia\u013e \u010do nosi\u010d z\u00e1vorn\u00edka je z ocele 8620.<br \/>\nThe GP R15 .300 BLK utilizes pistol length gas tube and makes for an excellent suppressor host.<br \/>\n*V\u0161etky obr\u00e1zky s\u00fa ilustra\u010dn\u00e9 a dizajn sa m\u00f4\u017ee zmeni\u0165 bez predch\u00e1dzaj\u00faceho upozornenia.<\/p>\n\n\t\t<\/div>\n\t<\/div>\n<\/div><\/div><\/div><\/div>\n<\/div>","protected":false},"excerpt":{"rendered":"<h2 class=\"product-name\">GP R15 .300 BLK<\/h2>\n<ul class=\"trx_addons_list_parameters\">\n<li><strong style=\"color: #b3a168;\">Kaliber:<\/strong><em>.300 AAC Blackout<\/em><\/li>\n<li><strong style=\"color: #b3a168;\">Re\u017eim:<\/strong><em>SA<\/em><\/li>\n<li><strong style=\"color: #b3a168;\">Odpor sp\u00fa\u0161te:<\/strong><em>8.5 lbs<\/em><\/li>\n<li><strong style=\"color: #b3a168;\">D\u013a\u017eka hlavne:<\/strong><em>11&#8243; \/ 14.5&#8243;<\/em><\/li>\n<li><strong style=\"color: #b3a168;\">Twist rate:<\/strong><em>1:8<\/em><\/li>\n<li><strong style=\"color: #b3a168;\">Celkov\u00e1 d\u013a\u017eka so zlo\u017eenou pa\u017ebou:<\/strong><em>706 mm<\/em><\/li>\n<li><strong style=\"color: #b3a168;\">V\u00fd\u0161ka:<\/strong><em>187 mm<\/em><\/li>\n<li><strong style=\"color: #b3a168;\">Celkov\u00e1 \u0161\u00edrka:<\/strong><em>68,8 mm<\/em><\/li>\n<li><strong style=\"color: #b3a168;\">Hmotnos\u0165 bez z\u00e1sobn\u00edka:<\/strong><em>2800g<\/em><\/li>\n<li><strong style=\"color: #b3a168;\">Kapacita \u0161tandardn\u00e9ho z\u00e1sobn\u00edka:<\/strong><em>10<\/em><\/li>\n<\/ul>\n<ul id=\"omoc\" class=\"trx_addons_list_parameters\">\n<li class=\"omoc\"><strong style=\"color: #b3a168;\">Odpor\u00fa\u010dan\u00e1 MOC<\/strong><em>od 1350 \u20ac<\/em><\/li>\n<\/ul>","protected":false},"featured_media":4742,"template":"","meta":[],"product_brand":[],"product_cat":[103],"product_tag":[],"class_list":{"0":"post-4741","1":"product","2":"type-product","3":"status-publish","4":"has-post-thumbnail","6":"product_cat-r15-freya","7":"product_shipping_class-europe","9":"first","10":"instock","11":"shipping-taxable","12":"product-type-simple"},"_links":{"self":[{"href":"https:\/\/grandpower.eu\/sk\/wp-json\/wp\/v2\/product\/4741","targetHints":{"allow":["GET"]}}],"collection":[{"href":"https:\/\/grandpower.eu\/sk\/wp-json\/wp\/v2\/product"}],"about":[{"href":"https:\/\/grandpower.eu\/sk\/wp-json\/wp\/v2\/types\/product"}],"wp:featuredmedia":[{"embeddable":true,"href":"https:\/\/grandpower.eu\/sk\/wp-json\/wp\/v2\/media\/4742"}],"wp:attachment":[{"href":"https:\/\/grandpower.eu\/sk\/wp-json\/wp\/v2\/media?parent=4741"}],"wp:term":[{"taxonomy":"product_brand","embeddable":true,"href":"https:\/\/grandpower.eu\/sk\/wp-json\/wp\/v2\/product_brand?post=4741"},{"taxonomy":"product_cat","embeddable":true,"href":"https:\/\/grandpower.eu\/sk\/wp-json\/wp\/v2\/product_cat?post=4741"},{"taxonomy":"product_tag","embeddable":true,"href":"https:\/\/grandpower.eu\/sk\/wp-json\/wp\/v2\/product_tag?post=4741"}],"curies":[{"name":"wp","href":"https:\/\/api.w.org\/{rel}","templated":true}]}}